{"id":4477,"date":"2003-11-12T16:50:16","date_gmt":"2003-11-12T15:50:16","guid":{"rendered":"http:\/\/greth.fr\/?page_id=4477"},"modified":"2026-03-06T10:41:14","modified_gmt":"2026-03-06T09:41:14","slug":"manuel-technique-tome-3","status":"publish","type":"page","link":"https:\/\/greth.fr\/en\/manuel-technique-tome-3\/","title":{"rendered":"Technical Manual - Volume 3"},"content":{"rendered":"<h2><span style=\"color: #6c66af;\"><b>TG: General definitions<\/b><\/span><\/h2>\n<table width=\"100%\" border=\"0\">\n<tbody>\n<tr>\n<td width=\"64\"><a href=\"\/en\/tg1-notation-nomenclature-les-nombres-adimensionnels-signification-physique\/\"><img decoding=\"async\" src=\"\/images\/icons\/mti-icon.png\" border=\"0\" alt=\"MTI\" width=\"64\"><\/a><\/td>\n<td width=\"10\"><a href=\"\/en\/tg1-notation-nomenclature-les-nombres-adimensionnels-signification-physique\/\"><strong>TG1<\/strong><\/a><\/td>\n<td><a href=\"\/en\/tg1-notation-nomenclature-les-nombres-adimensionnels-signification-physique\/\" class=\"nounderlink\">Notation - Nomenclature - Dimensional numbers - Physical significance<\/a><\/td>\n<\/tr>\n<tr>\n<td width=\"64\"><a href=\"\/en\/tg2-definition-des-grandeurs-caracteristiques-dans-les-echangeurs-de-chaleur\/\"><img decoding=\"async\" src=\"\/images\/icons\/mti-icon.png\" border=\"0\" alt=\"MTI\" width=\"64\"><\/a><\/td>\n<td width=\"10\"><a href=\"\/en\/tg2-definition-des-grandeurs-caracteristiques-dans-les-echangeurs-de-chaleur\/\"><strong>TG2<\/strong><\/a><\/td>\n<td><a href=\"\/en\/tg2-definition-des-grandeurs-caracteristiques-dans-les-echangeurs-de-chaleur\/\" class=\"nounderlink\">Definition of characteristic variables in heat exchangers<\/a><\/td>\n<\/tr>\n<tr>\n<td width=\"64\"><a href=\"\/en\/tg3-conversion-dunites\/\"><img decoding=\"async\" src=\"\/images\/icons\/mti-icon.png\" border=\"0\" alt=\"MTI\" width=\"64\"><\/a><\/td>\n<td width=\"10\"><a href=\"\/en\/tg3-conversion-dunites\/\"><strong>TG3<\/strong><\/a><\/td>\n<td><a href=\"\/en\/tg3-conversion-dunites\/\" class=\"nounderlink\">Unit conversion<\/a><\/td>\n<\/tr>\n<tr>\n<td width=\"64\"><a href=\"\/en\/tg4-la-conduction-en-regime-permanent\/\"><img decoding=\"async\" src=\"\/images\/icons\/mti-icon.png\" border=\"0\" alt=\"MTI\" width=\"64\"><\/a><\/td>\n<td width=\"10\"><a href=\"\/en\/tg4-la-conduction-en-regime-permanent\/\"><strong>TG4<\/strong><\/a><\/td>\n<td><a href=\"\/en\/tg4-la-conduction-en-regime-permanent\/\" class=\"nounderlink\">Conduction in steady-state conditions<\/a><\/td>\n<\/tr>\n<tr>\n<td width=\"64\"><a href=\"\/en\/tg5-vibrations-dans-les-faisceaux-de-tubes-droits-ou-coudes\/\"><img decoding=\"async\" src=\"\/images\/icons\/mti-icon.png\" border=\"0\" alt=\"MTI\" width=\"64\"><\/a><\/td>\n<td width=\"10\"><a href=\"\/en\/tg5-vibrations-dans-les-faisceaux-de-tubes-droits-ou-coudes\/\"><strong>TG5<\/strong><\/a><\/td>\n<td><a href=\"\/en\/tg5-vibrations-dans-les-faisceaux-de-tubes-droits-ou-coudes\/\" class=\"nounderlink\">Vibrations in straight or bent tube bundles<\/a><\/td>\n<\/tr>\n<tr>\n<td width=\"64\"><a href=\"\/en\/tg6-calculs-mecaniques-de-plaques-circulaires-support-de-tubes\/\"><img decoding=\"async\" src=\"\/images\/icons\/mti-icon.png\" border=\"0\" alt=\"MTI\" width=\"64\"><\/a><\/td>\n<td width=\"10\"><a href=\"\/en\/tg6-calculs-mecaniques-de-plaques-circulaires-support-de-tubes\/\"><strong>TG6<\/strong><\/a><\/td>\n<td><a href=\"\/en\/tg6-calculs-mecaniques-de-plaques-circulaires-support-de-tubes\/\" class=\"nounderlink\">Mechanical calculations of circular tube support plates<\/a><\/td>\n<\/tr>\n<\/tbody>\n<\/table>\n<p>&nbsp;<\/p>\n<h2><span style=\"color: #88cc1f;\"><b>TR: Radiance<\/b><\/span><\/h2>\n<table width=\"100%\" border=\"0\">\n<tbody>\n<tr>\n<td width=\"64\"><a href=\"\/en\/tr1-generalites-sur-le-rayonnement-thermique-lois-du-corps-noir\/\"><img decoding=\"async\" src=\"\/images\/icons\/mti-icon.png\" border=\"0\" alt=\"MTI\" width=\"64\"><\/a><\/td>\n<td width=\"10\"><a href=\"\/en\/tr1-generalites-sur-le-rayonnement-thermique-lois-du-corps-noir\/\"><strong>TR1<\/strong><\/a><\/td>\n<td><a href=\"\/en\/tr1-generalites-sur-le-rayonnement-thermique-lois-du-corps-noir\/\" class=\"nounderlink\">General information on thermal radiation. Blackbody laws.<\/a><\/td>\n<\/tr>\n<tr>\n<td width=\"64\"><a href=\"\/en\/tr2-proprietes-radiatives-des-surfaces\/\"><img decoding=\"async\" src=\"\/images\/icons\/mti-icon.png\" border=\"0\" alt=\"MTI\" width=\"64\"><\/a><\/td>\n<td width=\"10\"><a href=\"\/en\/tr2-proprietes-radiatives-des-surfaces\/\"><strong>TR2<\/strong><\/a><\/td>\n<td><a href=\"\/en\/tr2-proprietes-radiatives-des-surfaces\/\" class=\"nounderlink\">Radiative properties of surfaces<\/a><\/td>\n<\/tr>\n<tr>\n<td width=\"64\"><a href=\"\/en\/tr3-echange-radiatif-en-milieu-transparent\/\"><img decoding=\"async\" src=\"\/images\/icons\/mti-icon.png\" border=\"0\" alt=\"MTI\" width=\"64\"><\/a><\/td>\n<td width=\"10\"><a href=\"\/en\/tr3-echange-radiatif-en-milieu-transparent\/\"><strong>TR3<\/strong><\/a><\/td>\n<td><a href=\"\/en\/tr3-echange-radiatif-en-milieu-transparent\/\" class=\"nounderlink\">Radiative exchange in transparent media<\/a><\/td>\n<\/tr>\n<tr>\n<td width=\"64\"><a href=\"\/en\/tr4-introduction-au-rayonnement-dans-les-milieux-semi-transparents\/\"><img decoding=\"async\" src=\"\/images\/icons\/mti-icon.png\" border=\"0\" alt=\"MTI\" width=\"64\"><\/a><\/td>\n<td width=\"10\"><a href=\"\/en\/tr4-introduction-au-rayonnement-dans-les-milieux-semi-transparents\/\"><strong>TR4<\/strong><\/a><\/td>\n<td><a href=\"\/en\/tr4-introduction-au-rayonnement-dans-les-milieux-semi-transparents\/\" class=\"nounderlink\">Introduction to radiation in semi-transparent media<\/a><\/td>\n<\/tr>\n<tr>\n<td width=\"64\"><a href=\"\/en\/tr5-echanges-radiatifs-dans-une-enceinte-contenant-un-milieu-semi-transparent-homogene-isotherme-et-non-diffusant\/\"><img decoding=\"async\" src=\"\/images\/icons\/mti-icon.png\" border=\"0\" alt=\"MTI\" width=\"64\"><\/a><\/td>\n<td width=\"10\"><a href=\"\/en\/tr5-echanges-radiatifs-dans-une-enceinte-contenant-un-milieu-semi-transparent-homogene-isotherme-et-non-diffusant\/\"><strong>TR5<\/strong><\/a><\/td>\n<td><a href=\"\/en\/tr5-echanges-radiatifs-dans-une-enceinte-contenant-un-milieu-semi-transparent-homogene-isotherme-et-non-diffusant\/\" class=\"nounderlink\">Radiative exchange in an enclosure containing an isothermal, non-diffusing homogeneous semi-transparent medium<\/a><\/td>\n<\/tr>\n<tr>\n<td width=\"64\"><a href=\"\/en\/tr6-echanges-radiatifs-dans-un-milieu-semi-transparent-charge-de-particules\/\"><img decoding=\"async\" src=\"\/images\/icons\/mti-icon.png\" border=\"0\" alt=\"MTI\" width=\"64\"><\/a><\/td>\n<td width=\"10\"><a href=\"\/en\/tr6-echanges-radiatifs-dans-un-milieu-semi-transparent-charge-de-particules\/\"><strong>TR6<\/strong><\/a><\/td>\n<td><a href=\"\/en\/tr6-echanges-radiatifs-dans-un-milieu-semi-transparent-charge-de-particules\/\" class=\"nounderlink\">Radiative exchange in a particle-laden semi-transparent medium<\/a><\/td>\n<\/tr>\n<\/tbody>\n<\/table>\n<p>&nbsp;<\/p>\n<h2><span style=\"color: #ffc555;\"><b>OG: Generic Tools<\/b><\/span><\/h2>\n<table width=\"100%\" border=\"0\">\n<tbody>\n<tr>\n<td width=\"64\"><a href=\"\/en\/og1-calcul-dun-echangeur-de-chaleur-par-une-methode-globale\/\"><img decoding=\"async\" src=\"\/images\/icons\/mti-icon.png\" border=\"0\" alt=\"MTI\" width=\"64\"><\/a><\/td>\n<td width=\"10\"><a href=\"\/en\/og1-calcul-dun-echangeur-de-chaleur-par-une-methode-globale\/\"><strong>OG1<\/strong><\/a><\/td>\n<td><a href=\"\/en\/og1-calcul-dun-echangeur-de-chaleur-par-une-methode-globale\/\" class=\"nounderlink\">Global heat exchanger calculation<\/a><\/td>\n<\/tr>\n<tr>\n<td width=\"64\"><a href=\"\/en\/og2-methode-du-diagramme-temperature-enthalpie-pour-le-dimensionnement-dechangeurs-a-co-ou-contre-courant\/\"><img decoding=\"async\" src=\"\/images\/icons\/mti-icon.png\" border=\"0\" alt=\"MTI\" width=\"64\"><\/a><\/td>\n<td width=\"10\"><a href=\"\/en\/og2-methode-du-diagramme-temperature-enthalpie-pour-le-dimensionnement-dechangeurs-a-co-ou-contre-courant\/\"><strong>OG2<\/strong><\/a><\/td>\n<td><a href=\"\/en\/og2-methode-du-diagramme-temperature-enthalpie-pour-le-dimensionnement-dechangeurs-a-co-ou-contre-courant\/\" class=\"nounderlink\">Temperature-enthalpy diagram method for sizing co- or counter-current heat exchangers<\/a><\/td>\n<\/tr>\n<tr>\n<td width=\"64\"><a href=\"\/en\/og3-association-dechangeurs-en-serie-parallele\/\"><img decoding=\"async\" src=\"\/images\/icons\/mti-icon.png\" border=\"0\" alt=\"MTI\" width=\"64\"><\/a><\/td>\n<td width=\"10\"><a href=\"\/en\/og3-association-dechangeurs-en-serie-parallele\/\"><strong>OG3<\/strong><\/a><\/td>\n<td><a href=\"\/en\/og3-association-dechangeurs-en-serie-parallele\/\" class=\"nounderlink\">Association of exchangers in parallel series<\/a><\/td>\n<\/tr>\n<tr>\n<td width=\"64\"><a href=\"\/en\/og4-calculs-thermohydrauliques-multidimensionnels-des-echangeurs-de-chaleur-le-logiciel-trio-echangeurs\/\"><img decoding=\"async\" src=\"\/images\/icons\/mti-icon.png\" border=\"0\" alt=\"MTI\" width=\"64\"><\/a><\/td>\n<td width=\"10\"><a href=\"\/en\/og4-calculs-thermohydrauliques-multidimensionnels-des-echangeurs-de-chaleur-le-logiciel-trio-echangeurs\/\"><strong>OG4<\/strong><\/a><\/td>\n<td><a href=\"\/en\/og4-calculs-thermohydrauliques-multidimensionnels-des-echangeurs-de-chaleur-le-logiciel-trio-echangeurs\/\" class=\"nounderlink\">Multidimensional thermal-hydraulic calculations of heat exchangers: TRIO ECHANGEURS software<\/a><\/td>\n<\/tr>\n<\/tbody>\n<\/table>\n<p>&nbsp;<\/p>\n<h2><span style=\"color: #ff7545;\"><b>OT: Technological Tools<\/b><\/span><\/h2>\n<table width=\"100%\" border=\"0\">\n<tbody>\n<tr>\n<td width=\"64\"><a href=\"\/en\/ot1-dimensionnement-des-echangeurs-a-tubes-et-calandres-le-logiciel-cetuc-version-5\/\"><img decoding=\"async\" src=\"\/images\/icons\/mti-icon.png\" border=\"0\" alt=\"MTI\" width=\"64\"><\/a><\/td>\n<td width=\"10\"><a href=\"\/en\/ot1-dimensionnement-des-echangeurs-a-tubes-et-calandres-le-logiciel-cetuc-version-5\/\"><strong>OT1<\/strong><\/a><\/td>\n<td><a href=\"\/en\/ot1-dimensionnement-des-echangeurs-a-tubes-et-calandres-le-logiciel-cetuc-version-5\/\" class=\"nounderlink\">Sizing shell-and-tube heat exchangers: CETUC software (version 5)<\/a><\/td>\n<\/tr>\n<tr>\n<td width=\"64\"><a href=\"\/en\/ot2-dimensionnement-des-echangeurs-a-plaques-le-logiciel-cepaj\/\"><img decoding=\"async\" src=\"\/images\/icons\/mti-icon.png\" border=\"0\" alt=\"MTI\" width=\"64\"><\/a><\/td>\n<td width=\"10\"><a href=\"\/en\/ot2-dimensionnement-des-echangeurs-a-plaques-le-logiciel-cepaj\/\"><strong>OT2<\/strong><\/a><\/td>\n<td><a href=\"\/en\/ot2-dimensionnement-des-echangeurs-a-plaques-le-logiciel-cepaj\/\" class=\"nounderlink\">Plate heat exchanger sizing: CEPAJ software<\/a><\/td>\n<\/tr>\n<tr>\n<td width=\"64\"><a href=\"\/en\/ot3-repartition-de-debit-dans-les-differents-canaux-dun-echangeur-a-plaques-le-logiciel-tricot\/\"><img decoding=\"async\" src=\"\/images\/icons\/mti-icon.png\" border=\"0\" alt=\"MTI\" width=\"64\"><\/a><\/td>\n<td width=\"10\"><a href=\"\/en\/ot3-repartition-de-debit-dans-les-differents-canaux-dun-echangeur-a-plaques-le-logiciel-tricot\/\"><strong>OT3<\/strong><\/a><\/td>\n<td><a href=\"\/en\/ot3-repartition-de-debit-dans-les-differents-canaux-dun-echangeur-a-plaques-le-logiciel-tricot\/\" class=\"nounderlink\">Flow distribution in the different channels of a plate heat exchanger: TRICOT software<\/a><\/td>\n<\/tr>\n<tr>\n<td width=\"64\"><a href=\"\/en\/ot4-dimensionnement-des-echangeurs-a-caloducs-le-logiciel-ecco\/\"><img decoding=\"async\" src=\"\/images\/icons\/mti-icon.png\" border=\"0\" alt=\"MTI\" width=\"64\"><\/a><\/td>\n<td width=\"10\"><a href=\"\/en\/ot4-dimensionnement-des-echangeurs-a-caloducs-le-logiciel-ecco\/\"><strong>OT4<\/strong><\/a><\/td>\n<td><a href=\"\/en\/ot4-dimensionnement-des-echangeurs-a-caloducs-le-logiciel-ecco\/\" class=\"nounderlink\">Sizing heat pipe exchangers: ECCO software<\/a><\/td>\n<\/tr>\n<\/tbody>\n<\/table>\n<p>&nbsp;<\/p>\n<h2><span style=\"color: #000000;\"><b>D: Description sheets<\/b><\/span><\/h2>\n<table width=\"100%\" border=\"0\">\n<tbody>\n<tr>\n<td width=\"64\"><a href=\"\/en\/d1-les-echangeurs-a-tubes-et-calandre\/\"><img decoding=\"async\" src=\"\/images\/icons\/mti-icon.png\" border=\"0\" alt=\"MTI\" width=\"64\"><\/a><\/td>\n<td width=\"10\"><a href=\"\/en\/d1-les-echangeurs-a-tubes-et-calandre\/\"><strong>D1<\/strong><\/a><\/td>\n<td><a href=\"\/en\/d1-les-echangeurs-a-tubes-et-calandre\/\" class=\"nounderlink\">Shell-and-tube heat exchangers<\/a><\/td>\n<\/tr>\n<tr>\n<td width=\"64\"><a href=\"\/en\/d2-les-echangeurs-a-plaques-compacts\/\"><img decoding=\"async\" src=\"\/images\/icons\/mti-icon.png\" border=\"0\" alt=\"MTI\" width=\"64\"><\/a><\/td>\n<td width=\"10\"><a href=\"\/en\/d2-les-echangeurs-a-plaques-compacts\/\"><strong>D2<\/strong><\/a><\/td>\n<td><a href=\"\/en\/d2-les-echangeurs-a-plaques-compacts\/\" class=\"nounderlink\">Compact plate heat exchangers<\/a><\/td>\n<\/tr>\n<tr>\n<td width=\"64\"><a href=\"\/en\/d3-les-evaporateurs-tubulaires\/\"><img decoding=\"async\" src=\"\/images\/icons\/mti-icon.png\" border=\"0\" alt=\"MTI\" width=\"64\"><\/a><\/td>\n<td width=\"10\"><a href=\"\/en\/d3-les-evaporateurs-tubulaires\/\"><strong>D3<\/strong><\/a><\/td>\n<td><a href=\"\/en\/d3-les-evaporateurs-tubulaires\/\" class=\"nounderlink\">Tubular evaporators<\/a><\/td>\n<\/tr>\n<tr>\n<td width=\"64\"><a href=\"\/en\/d4-les-condenseurs-tubulaires\/\"><img decoding=\"async\" src=\"\/images\/icons\/mti-icon.png\" border=\"0\" alt=\"MTI\" width=\"64\"><\/a><\/td>\n<td width=\"10\"><a href=\"\/en\/d4-les-condenseurs-tubulaires\/\"><strong>D4<\/strong><\/a><\/td>\n<td><a href=\"\/en\/d4-les-condenseurs-tubulaires\/\" class=\"nounderlink\">Tubular condensers<\/a><\/td>\n<\/tr>\n<tr>\n<td width=\"64\"><a href=\"\/en\/d5-les-echangeurs-a-caloducs\/\"><img decoding=\"async\" src=\"\/images\/icons\/mti-icon.png\" border=\"0\" alt=\"MTI\" width=\"64\"><\/a><\/td>\n<td width=\"10\"><a href=\"\/en\/d5-les-echangeurs-a-caloducs\/\"><strong>D5<\/strong><\/a><\/td>\n<td><a href=\"\/en\/d5-les-echangeurs-a-caloducs\/\" class=\"nounderlink\">Heat pipe exchangers<\/a><\/td>\n<\/tr>\n<tr>\n<td width=\"64\"><a href=\"\/en\/d6-les-echangeurs-de-chaleur-en-matiere-plastique\/\"><img decoding=\"async\" src=\"\/images\/icons\/mti-icon.png\" border=\"0\" alt=\"MTI\" width=\"64\"><\/a><\/td>\n<td width=\"10\"><a href=\"\/en\/d6-les-echangeurs-de-chaleur-en-matiere-plastique\/\"><strong>D6<\/strong><\/a><\/td>\n<td><a href=\"\/en\/d6-les-echangeurs-de-chaleur-en-matiere-plastique\/\" class=\"nounderlink\">Plastic heat exchangers<\/a><\/td>\n<\/tr>\n<tr>\n<td width=\"64\"><a href=\"\/en\/d7-les-echangeurs-a-contact-direct\/\"><img decoding=\"async\" src=\"\/images\/icons\/mti-icon.png\" border=\"0\" alt=\"MTI\" width=\"64\"><\/a><\/td>\n<td width=\"10\"><a href=\"\/en\/d7-les-echangeurs-a-contact-direct\/\"><strong>D7<\/strong><\/a><\/td>\n<td><a href=\"\/en\/d7-les-echangeurs-a-contact-direct\/\" class=\"nounderlink\">Direct contact heat exchangers<\/a><\/td>\n<\/tr>\n<tr>\n<td width=\"64\"><a href=\"\/en\/d8-les-batteries-a-ailettes\/\"><img decoding=\"async\" src=\"\/images\/icons\/mti-icon.png\" border=\"0\" alt=\"MTI\" width=\"64\"><\/a><\/td>\n<td width=\"10\"><a href=\"\/en\/d8-les-batteries-a-ailettes\/\"><strong>D8<\/strong><\/a><\/td>\n<td><a href=\"\/en\/d8-les-batteries-a-ailettes\/\" class=\"nounderlink\">Finned batteries<\/a><\/td>\n<\/tr>\n<tr>\n<td width=\"64\"><a href=\"\/en\/d9-les-tours-de-refroidissement-deau\/\"><img decoding=\"async\" src=\"\/images\/icons\/mti-icon.png\" border=\"0\" alt=\"MTI\" width=\"64\"><\/a><\/td>\n<td width=\"10\"><a href=\"\/en\/d9-les-tours-de-refroidissement-deau\/\"><strong>D9<\/strong><\/a><\/td>\n<td><a href=\"\/en\/d9-les-tours-de-refroidissement-deau\/\" class=\"nounderlink\">Cooling water towers<\/a><\/td>\n<\/tr>\n<tr>\n<td width=\"64\"><a href=\"\/en\/d10-les-regenerateurs\/\"><img decoding=\"async\" src=\"\/images\/icons\/mti-icon.png\" border=\"0\" alt=\"MTI\" width=\"64\"><\/a><\/td>\n<td width=\"10\"><a href=\"\/en\/d10-les-regenerateurs\/\"><strong>D10<\/strong><\/a><\/td>\n<td><a href=\"\/en\/d10-les-regenerateurs\/\" class=\"nounderlink\">Regenerators<\/a><\/td>\n<\/tr>\n<tr>\n<td width=\"64\"><a href=\"\/en\/d11-fonctionnement-dun-electrofiltre\/\"><img decoding=\"async\" src=\"\/images\/icons\/mti-icon.png\" border=\"0\" alt=\"MTI\" width=\"64\"><\/a><\/td>\n<td width=\"10\"><a href=\"\/en\/d11-fonctionnement-dun-electrofiltre\/\"><strong>D11<\/strong><\/a><\/td>\n<td><a href=\"\/en\/d11-fonctionnement-dun-electrofiltre\/\" class=\"nounderlink\">How an electrostatic precipitator works<\/a><\/td>\n<\/tr>\n<tr>\n<td width=\"64\"><a href=\"\/en\/d12-les-tubes-ailetes\/\"><img decoding=\"async\" src=\"\/images\/icons\/mti-icon.png\" border=\"0\" alt=\"MTI\" width=\"64\"><\/a><\/td>\n<td width=\"10\"><a href=\"\/en\/d12-les-tubes-ailetes\/\"><strong>D12<\/strong><\/a><\/td>\n<td><a href=\"\/en\/d12-les-tubes-ailetes\/\" class=\"nounderlink\">Finned tubes<\/a><\/td>\n<\/tr>\n<tr>\n<td width=\"64\"><a href=\"\/en\/d13-les-echangeurs-electriques\/\"><img decoding=\"async\" src=\"\/images\/icons\/mti-icon.png\" border=\"0\" alt=\"MTI\" width=\"64\"><\/a><\/td>\n<td width=\"10\"><a href=\"\/en\/d13-les-echangeurs-electriques\/\"><strong>D13<\/strong><\/a><\/td>\n<td><a href=\"\/en\/d13-les-echangeurs-electriques\/\" class=\"nounderlink\">Electric heat exchangers<\/a><\/td>\n<\/tr>\n<\/tbody>\n<\/table>","protected":false},"excerpt":{"rendered":"<p>TG : D\u00e9finitions g\u00e9n\u00e9rales TG1 Notation &#8211; Nomenclature &#8211; Les nombres adimensionnels &#8211; Signification physique TG2 D\u00e9finition des grandeurs caract\u00e9ristiques dans les \u00e9changeurs de chaleur TG3 Conversion d&#8217;unit\u00e9s TG4 La conduction en r\u00e9gime permanent TG5 Vibrations dans les faisceaux de tubes droits ou coud\u00e9s TG6 Calculs m\u00e9caniques de plaques circulaires support de tubes &nbsp; TR &hellip;<\/p>","protected":false},"author":1,"featured_media":0,"parent":0,"menu_order":0,"comment_status":"closed","ping_status":"closed","template":"","meta":{"footnotes":""},"class_list":["post-4477","page","type-page","status-publish","hentry"],"yoast_head":"<!-- This site is optimized with the Yoast SEO Premium plugin v23.9 (Yoast SEO v27.3) - https:\/\/yoast.com\/product\/yoast-seo-premium-wordpress\/ -->\n<title>Manuel Technique \u2013 Tome 3 - GRETh<\/title>\n<meta name=\"robots\" content=\"index, follow, max-snippet:-1, max-image-preview:large, max-video-preview:-1\" \/>\n<link rel=\"canonical\" href=\"https:\/\/greth.fr\/en\/manuel-technique-tome-3\/\" \/>\n<meta property=\"og:locale\" content=\"en_US\" \/>\n<meta property=\"og:type\" content=\"article\" \/>\n<meta property=\"og:title\" content=\"Manuel Technique \u2013 Tome 3\" \/>\n<meta property=\"og:description\" content=\"TG : D\u00e9finitions g\u00e9n\u00e9rales TG1 Notation - Nomenclature - Les nombres adimensionnels - Signification physique TG2 D\u00e9finition des grandeurs caract\u00e9ristiques dans les \u00e9changeurs de chaleur TG3 Conversion d&#039;unit\u00e9s TG4 La conduction en r\u00e9gime permanent TG5 Vibrations dans les faisceaux de tubes droits ou coud\u00e9s TG6 Calculs m\u00e9caniques de plaques circulaires support de tubes &nbsp; TR &hellip;\" \/>\n<meta property=\"og:url\" content=\"https:\/\/greth.fr\/en\/manuel-technique-tome-3\/\" \/>\n<meta property=\"og:site_name\" content=\"GRETh\" \/>\n<meta property=\"article:publisher\" content=\"https:\/\/www.facebook.com\/grethfr\/\" \/>\n<meta property=\"article:modified_time\" content=\"2026-03-06T09:41:14+00:00\" \/>\n<meta property=\"og:image\" content=\"https:\/\/greth.fr\/wp-content\/uploads\/2023\/12\/ss-search-g.jpg\" \/>\n\t<meta property=\"og:image:width\" content=\"1200\" \/>\n\t<meta property=\"og:image:height\" content=\"675\" \/>\n\t<meta property=\"og:image:type\" content=\"image\/jpeg\" \/>\n<meta name=\"twitter:card\" content=\"summary_large_image\" \/>\n<meta name=\"twitter:site\" content=\"@grethfr\" \/>\n<meta name=\"twitter:label1\" content=\"Est. reading time\" \/>\n\t<meta name=\"twitter:data1\" content=\"8 minutes\" \/>\n<script type=\"application\/ld+json\" class=\"yoast-schema-graph\">{\"@context\":\"https:\\\/\\\/schema.org\",\"@graph\":[{\"@type\":\"WebPage\",\"@id\":\"https:\\\/\\\/greth.fr\\\/manuel-technique-tome-3\\\/\",\"url\":\"https:\\\/\\\/greth.fr\\\/manuel-technique-tome-3\\\/\",\"name\":\"Manuel Technique \u2013 Tome 3 - GRETh\",\"isPartOf\":{\"@id\":\"https:\\\/\\\/greth.fr\\\/#website\"},\"datePublished\":\"2003-11-12T15:50:16+00:00\",\"dateModified\":\"2026-03-06T09:41:14+00:00\",\"breadcrumb\":{\"@id\":\"https:\\\/\\\/greth.fr\\\/manuel-technique-tome-3\\\/#breadcrumb\"},\"inLanguage\":\"en-US\",\"potentialAction\":[{\"@type\":\"ReadAction\",\"target\":[\"https:\\\/\\\/greth.fr\\\/manuel-technique-tome-3\\\/\"]}]},{\"@type\":\"BreadcrumbList\",\"@id\":\"https:\\\/\\\/greth.fr\\\/manuel-technique-tome-3\\\/#breadcrumb\",\"itemListElement\":[{\"@type\":\"ListItem\",\"position\":1,\"name\":\"Accueil\",\"item\":\"https:\\\/\\\/greth.fr\\\/\"},{\"@type\":\"ListItem\",\"position\":2,\"name\":\"Manuel Technique \u2013 Tome 3\"}]},{\"@type\":\"WebSite\",\"@id\":\"https:\\\/\\\/greth.fr\\\/#website\",\"url\":\"https:\\\/\\\/greth.fr\\\/\",\"name\":\"Groupement pour la Recherche sur les \u00c9changeurs Thermiques\",\"description\":\"Une structure qui f\u00e9d\u00e8re les industriels autour des \u00e9changeurs de chaleur et des syst\u00e8mes thermiques\",\"publisher\":{\"@id\":\"https:\\\/\\\/greth.fr\\\/#organization\"},\"alternateName\":\"GRETh\",\"potentialAction\":[{\"@type\":\"SearchAction\",\"target\":{\"@type\":\"EntryPoint\",\"urlTemplate\":\"https:\\\/\\\/greth.fr\\\/?s={search_term_string}\"},\"query-input\":{\"@type\":\"PropertyValueSpecification\",\"valueRequired\":true,\"valueName\":\"search_term_string\"}}],\"inLanguage\":\"en-US\"},{\"@type\":\"Organization\",\"@id\":\"https:\\\/\\\/greth.fr\\\/#organization\",\"name\":\"Groupement pour la Recherche sur les Echangeurs Thermiques\",\"alternateName\":\"GRETh\",\"url\":\"https:\\\/\\\/greth.fr\\\/\",\"logo\":{\"@type\":\"ImageObject\",\"inLanguage\":\"en-US\",\"@id\":\"https:\\\/\\\/greth.fr\\\/#\\\/schema\\\/logo\\\/image\\\/\",\"url\":\"https:\\\/\\\/greth.fr\\\/wp-content\\\/uploads\\\/2019\\\/04\\\/maintenance.png\",\"contentUrl\":\"https:\\\/\\\/greth.fr\\\/wp-content\\\/uploads\\\/2019\\\/04\\\/maintenance.png\",\"width\":380,\"height\":460,\"caption\":\"Groupement pour la Recherche sur les Echangeurs Thermiques\"},\"image\":{\"@id\":\"https:\\\/\\\/greth.fr\\\/#\\\/schema\\\/logo\\\/image\\\/\"},\"sameAs\":[\"https:\\\/\\\/www.facebook.com\\\/grethfr\\\/\",\"https:\\\/\\\/x.com\\\/grethfr\",\"https:\\\/\\\/www.linkedin.com\\\/company\\\/greth\",\"https:\\\/\\\/youtube.com\\\/c\\\/grethfrance\"]}]}<\/script>\n<!-- \/ Yoast SEO Premium plugin. -->","yoast_head_json":{"title":"Manuel Technique \u2013 Tome 3 - GRETh","robots":{"index":"index","follow":"follow","max-snippet":"max-snippet:-1","max-image-preview":"max-image-preview:large","max-video-preview":"max-video-preview:-1"},"canonical":"https:\/\/greth.fr\/en\/manuel-technique-tome-3\/","og_locale":"en_US","og_type":"article","og_title":"Manuel Technique \u2013 Tome 3","og_description":"TG : D\u00e9finitions g\u00e9n\u00e9rales TG1 Notation - Nomenclature - Les nombres adimensionnels - Signification physique TG2 D\u00e9finition des grandeurs caract\u00e9ristiques dans les \u00e9changeurs de chaleur TG3 Conversion d'unit\u00e9s TG4 La conduction en r\u00e9gime permanent TG5 Vibrations dans les faisceaux de tubes droits ou coud\u00e9s TG6 Calculs m\u00e9caniques de plaques circulaires support de tubes &nbsp; TR &hellip;","og_url":"https:\/\/greth.fr\/en\/manuel-technique-tome-3\/","og_site_name":"GRETh","article_publisher":"https:\/\/www.facebook.com\/grethfr\/","article_modified_time":"2026-03-06T09:41:14+00:00","og_image":[{"width":1200,"height":675,"url":"https:\/\/greth.fr\/wp-content\/uploads\/2023\/12\/ss-search-g.jpg","type":"image\/jpeg"}],"twitter_card":"summary_large_image","twitter_site":"@grethfr","twitter_misc":{"Est. reading time":"8 minutes"},"schema":{"@context":"https:\/\/schema.org","@graph":[{"@type":"WebPage","@id":"https:\/\/greth.fr\/manuel-technique-tome-3\/","url":"https:\/\/greth.fr\/manuel-technique-tome-3\/","name":"Manuel Technique \u2013 Tome 3 - GRETh","isPartOf":{"@id":"https:\/\/greth.fr\/#website"},"datePublished":"2003-11-12T15:50:16+00:00","dateModified":"2026-03-06T09:41:14+00:00","breadcrumb":{"@id":"https:\/\/greth.fr\/manuel-technique-tome-3\/#breadcrumb"},"inLanguage":"en-US","potentialAction":[{"@type":"ReadAction","target":["https:\/\/greth.fr\/manuel-technique-tome-3\/"]}]},{"@type":"BreadcrumbList","@id":"https:\/\/greth.fr\/manuel-technique-tome-3\/#breadcrumb","itemListElement":[{"@type":"ListItem","position":1,"name":"Accueil","item":"https:\/\/greth.fr\/"},{"@type":"ListItem","position":2,"name":"Manuel Technique \u2013 Tome 3"}]},{"@type":"WebSite","@id":"https:\/\/greth.fr\/#website","url":"https:\/\/greth.fr\/","name":"Groupement pour la Recherche sur les \u00c9changeurs Thermiques","description":"A structure that brings together manufacturers around heat exchangers and thermal systems","publisher":{"@id":"https:\/\/greth.fr\/#organization"},"alternateName":"GRETh","potentialAction":[{"@type":"SearchAction","target":{"@type":"EntryPoint","urlTemplate":"https:\/\/greth.fr\/?s={search_term_string}"},"query-input":{"@type":"PropertyValueSpecification","valueRequired":true,"valueName":"search_term_string"}}],"inLanguage":"en-US"},{"@type":"Organization","@id":"https:\/\/greth.fr\/#organization","name":"Groupement pour la Recherche sur les Echangeurs Thermiques","alternateName":"GRETh","url":"https:\/\/greth.fr\/","logo":{"@type":"ImageObject","inLanguage":"en-US","@id":"https:\/\/greth.fr\/#\/schema\/logo\/image\/","url":"https:\/\/greth.fr\/wp-content\/uploads\/2019\/04\/maintenance.png","contentUrl":"https:\/\/greth.fr\/wp-content\/uploads\/2019\/04\/maintenance.png","width":380,"height":460,"caption":"Groupement pour la Recherche sur les Echangeurs Thermiques"},"image":{"@id":"https:\/\/greth.fr\/#\/schema\/logo\/image\/"},"sameAs":["https:\/\/www.facebook.com\/grethfr\/","https:\/\/x.com\/grethfr","https:\/\/www.linkedin.com\/company\/greth","https:\/\/youtube.com\/c\/grethfrance"]}]}},"_links":{"self":[{"href":"https:\/\/greth.fr\/en\/wp-json\/wp\/v2\/pages\/4477","targetHints":{"allow":["GET"]}}],"collection":[{"href":"https:\/\/greth.fr\/en\/wp-json\/wp\/v2\/pages"}],"about":[{"href":"https:\/\/greth.fr\/en\/wp-json\/wp\/v2\/types\/page"}],"author":[{"embeddable":true,"href":"https:\/\/greth.fr\/en\/wp-json\/wp\/v2\/users\/1"}],"replies":[{"embeddable":true,"href":"https:\/\/greth.fr\/en\/wp-json\/wp\/v2\/comments?post=4477"}],"version-history":[{"count":0,"href":"https:\/\/greth.fr\/en\/wp-json\/wp\/v2\/pages\/4477\/revisions"}],"wp:attachment":[{"href":"https:\/\/greth.fr\/en\/wp-json\/wp\/v2\/media?parent=4477"}],"curies":[{"name":"wp","href":"https:\/\/api.w.org\/{rel}","templated":true}]}}