{"id":3252,"date":"2003-11-05T16:45:59","date_gmt":"2003-11-05T15:45:59","guid":{"rendered":"http:\/\/greth.fr\/?page_id=3252"},"modified":"2026-03-06T10:41:05","modified_gmt":"2026-03-06T09:41:05","slug":"manuel-technique-tome-1","status":"publish","type":"page","link":"https:\/\/greth.fr\/en\/manuel-technique-tome-1\/","title":{"rendered":"Technical Manual - Volume 1"},"content":{"rendered":"<h2><span style=\"color: #cc99ff;\"><b>TM: Single-phase flow<\/b><\/span><\/h2>\n<table width=\"100%\" border=\"0\">\n<tbody>\n<tr>\n<td width=\"64\"><a href=\"\/en\/tm1-pertes-de-pression-reguliere-dans-les-conduites-rectilignes-de-section-uniforme\/\"><img decoding=\"async\" src=\"\/images\/icons\/mti-icon.png\" border=\"0\" alt=\"MTI\" width=\"64\"><\/a><\/td>\n<td width=\"10\"><a href=\"\/en\/tm1-pertes-de-pression-reguliere-dans-les-conduites-rectilignes-de-section-uniforme\/\"><strong>TM1<\/strong><\/a><\/td>\n<td><a href=\"\/en\/tm1-pertes-de-pression-reguliere-dans-les-conduites-rectilignes-de-section-uniforme\/\" class=\"nounderlink\">Regular pressure losses in straight pipes of uniform cross-section<\/a><\/td>\n<\/tr>\n<tr>\n<td width=\"64\"><a href=\"\/en\/tm2-transfert-de-chaleur-dans-les-tubes-de-section-circulaire\/\"><img decoding=\"async\" src=\"\/images\/icons\/mti-icon.png\" border=\"0\" alt=\"MTI\" width=\"64\"><\/a><\/td>\n<td width=\"10\"><a href=\"\/en\/tm2-transfert-de-chaleur-dans-les-tubes-de-section-circulaire\/\"><strong>TM2<\/strong><\/a><\/td>\n<td><a href=\"\/en\/tm2-transfert-de-chaleur-dans-les-tubes-de-section-circulaire\/\" class=\"nounderlink\">Heat transfer in circular tubes<\/a><\/td>\n<\/tr>\n<tr>\n<td width=\"64\"><a href=\"\/en\/tm3-transfert-de-chaleur-dans-les-canaux-de-section-uniforme\/\"><img decoding=\"async\" src=\"\/images\/icons\/mti-icon.png\" border=\"0\" alt=\"MTI\" width=\"64\"><\/a><\/td>\n<td width=\"10\"><a href=\"\/en\/tm3-transfert-de-chaleur-dans-les-canaux-de-section-uniforme\/\"><strong>TM3<\/strong><\/a><\/td>\n<td><a href=\"\/en\/tm3-transfert-de-chaleur-dans-les-canaux-de-section-uniforme\/\" class=\"nounderlink\">Heat transfer in channels of uniform cross-section<\/a><\/td>\n<\/tr>\n<tr>\n<td width=\"64\"><a href=\"\/en\/tm4-perte-de-pression-dans-les-faisceaux-de-tubes-lisses\/\"><img decoding=\"async\" src=\"\/images\/icons\/mti-icon.png\" border=\"0\" alt=\"MTI\" width=\"64\"><\/a><\/td>\n<td width=\"10\"><a href=\"\/en\/tm4-perte-de-pression-dans-les-faisceaux-de-tubes-lisses\/\"><strong>TM4<\/strong><\/a><\/td>\n<td><a href=\"\/en\/tm4-perte-de-pression-dans-les-faisceaux-de-tubes-lisses\/\" class=\"nounderlink\">Pressure loss in smooth tube bundles<\/a><\/td>\n<\/tr>\n<tr>\n<td width=\"64\"><a href=\"\/en\/tm5-transfert-de-chaleur-dans-les-faisceaux-de-tubes-lisses\/\"><img decoding=\"async\" src=\"\/images\/icons\/mti-icon.png\" border=\"0\" alt=\"MTI\" width=\"64\"><\/a><\/td>\n<td width=\"10\"><a href=\"\/en\/tm5-transfert-de-chaleur-dans-les-faisceaux-de-tubes-lisses\/\"><strong>TM5<\/strong><\/a><\/td>\n<td><a href=\"\/en\/tm5-transfert-de-chaleur-dans-les-faisceaux-de-tubes-lisses\/\" class=\"nounderlink\">Heat transfer in smooth tube bundles<\/a><\/td>\n<\/tr>\n<tr>\n<td width=\"64\"><a href=\"\/en\/tm6-pertes-de-pression-dans-les-faisceaux-de-tubes-a-ailettes-circulaires-planes\/\"><img decoding=\"async\" src=\"\/images\/icons\/mti-icon.png\" border=\"0\" alt=\"MTI\" width=\"64\"><\/a><\/td>\n<td width=\"10\"><a href=\"\/en\/tm6-pertes-de-pression-dans-les-faisceaux-de-tubes-a-ailettes-circulaires-planes\/\"><strong>TM6<\/strong><\/a><\/td>\n<td><a href=\"\/en\/tm6-pertes-de-pression-dans-les-faisceaux-de-tubes-a-ailettes-circulaires-planes\/\" class=\"nounderlink\">Pressure losses in tube bundles with flat circular fins<\/a><\/td>\n<\/tr>\n<tr>\n<td width=\"64\"><a href=\"\/en\/tm7-transfert-de-chaleur-dans-les-faisceaux-de-tubes-a-ailettes-circulaires-planes\/\"><img decoding=\"async\" src=\"\/images\/icons\/mti-icon.png\" border=\"0\" alt=\"MTI\" width=\"64\"><\/a><\/td>\n<td width=\"10\"><a href=\"\/en\/tm7-transfert-de-chaleur-dans-les-faisceaux-de-tubes-a-ailettes-circulaires-planes\/\"><strong>TM7<\/strong><\/a><\/td>\n<td><a href=\"\/en\/tm7-transfert-de-chaleur-dans-les-faisceaux-de-tubes-a-ailettes-circulaires-planes\/\" class=\"nounderlink\">Heat transfer in tube bundles with flat circular fins<\/a><\/td>\n<\/tr>\n<tr>\n<td width=\"64\"><a href=\"\/en\/tm8-les-pertes-de-charge-singulieres\/\"><img decoding=\"async\" src=\"\/images\/icons\/mti-icon.png\" border=\"0\" alt=\"MTI\" width=\"64\"><\/a><\/td>\n<td width=\"10\"><a href=\"\/en\/tm8-les-pertes-de-charge-singulieres\/\"><strong>TM8<\/strong><\/a><\/td>\n<td><a href=\"\/en\/tm8-les-pertes-de-charge-singulieres\/\" class=\"nounderlink\">Singular pressure drops<\/a><\/td>\n<\/tr>\n<tr>\n<td width=\"64\"><a href=\"\/en\/tm9-pertes-de-pression-dans-les-canaux-courts\/\"><img decoding=\"async\" src=\"\/images\/icons\/mti-icon.png\" border=\"0\" alt=\"MTI\" width=\"64\"><\/a><\/td>\n<td width=\"10\"><a href=\"\/en\/tm9-pertes-de-pression-dans-les-canaux-courts\/\"><strong>TM9<\/strong><\/a><\/td>\n<td><a href=\"\/en\/tm9-pertes-de-pression-dans-les-canaux-courts\/\" class=\"nounderlink\">Pressure losses in short channels<\/a><\/td>\n<\/tr>\n<tr>\n<td width=\"64\"><a href=\"\/en\/tm10-transfert-de-chaleur-dans-les-canaux-courts\/\"><img decoding=\"async\" src=\"\/images\/icons\/mti-icon.png\" border=\"0\" alt=\"MTI\" width=\"64\"><\/a><\/td>\n<td width=\"10\"><a href=\"\/en\/tm10-transfert-de-chaleur-dans-les-canaux-courts\/\"><strong>TM10<\/strong><\/a><\/td>\n<td><a href=\"\/en\/tm10-transfert-de-chaleur-dans-les-canaux-courts\/\" class=\"nounderlink\">Heat transfer in short channels<\/a><\/td>\n<\/tr>\n<tr>\n<td width=\"64\"><a href=\"\/en\/tm11-pertes-de-pression-et-transfert-de-chaleur-dans-des-canaux-rectangulaires-corrugues\/\"><img decoding=\"async\" src=\"\/images\/icons\/mti-icon.png\" border=\"0\" alt=\"MTI\" width=\"64\"><\/a><\/td>\n<td width=\"10\"><a href=\"\/en\/tm11-pertes-de-pression-et-transfert-de-chaleur-dans-des-canaux-rectangulaires-corrugues\/\"><strong>TM11<\/strong><\/a><\/td>\n<td><a href=\"\/en\/tm11-pertes-de-pression-et-transfert-de-chaleur-dans-des-canaux-rectangulaires-corrugues\/\" class=\"nounderlink\">Pressure losses and heat transfer in corrugated rectangular channels<\/a><\/td>\n<\/tr>\n<tr>\n<td width=\"64\"><a href=\"\/en\/tm12-pertes-de-pression-et-transfert-de-chaleur-dun-fluide-secoulant-dans-un-tube-presentant-une-paroi-interne-corruguee\/\"><img decoding=\"async\" src=\"\/images\/icons\/mti-icon.png\" border=\"0\" alt=\"MTI\" width=\"64\"><\/a><\/td>\n<td width=\"10\"><a href=\"\/en\/tm12-pertes-de-pression-et-transfert-de-chaleur-dun-fluide-secoulant-dans-un-tube-presentant-une-paroi-interne-corruguee\/\"><strong>TM12<\/strong><\/a><\/td>\n<td><a href=\"\/en\/tm12-pertes-de-pression-et-transfert-de-chaleur-dun-fluide-secoulant-dans-un-tube-presentant-une-paroi-interne-corruguee\/\" class=\"nounderlink\">Pressure losses and heat transfer of a fluid flowing through a tube with a corrugated inner wall<\/a><\/td>\n<\/tr>\n<tr>\n<td width=\"64\"><a href=\"\/en\/tm13-pertes-de-pression-et-transfert-de-chaleur-dans-les-tubes-munis-dinserts-helicoidaux\/\"><img decoding=\"async\" src=\"\/images\/icons\/mti-icon.png\" border=\"0\" alt=\"MTI\" width=\"64\"><\/a><\/td>\n<td width=\"10\"><a href=\"\/en\/tm13-pertes-de-pression-et-transfert-de-chaleur-dans-les-tubes-munis-dinserts-helicoidaux\/\"><strong>TM13<\/strong><\/a><\/td>\n<td><a href=\"\/en\/tm13-pertes-de-pression-et-transfert-de-chaleur-dans-les-tubes-munis-dinserts-helicoidaux\/\" class=\"nounderlink\">Pressure losses and heat transfer in tubes with helical inserts<\/a><\/td>\n<\/tr>\n<tr>\n<td width=\"64\"><a href=\"\/en\/tm14-transfert-de-chaleur-et-pertes-de-pression-dans-les-echangeurs-a-plaques-et-ailettes\/\"><img decoding=\"async\" src=\"\/images\/icons\/mti-icon.png\" border=\"0\" alt=\"MTI\" width=\"64\"><\/a><\/td>\n<td width=\"10\"><a href=\"\/en\/tm14-transfert-de-chaleur-et-pertes-de-pression-dans-les-echangeurs-a-plaques-et-ailettes\/\"><strong>TM14<\/strong><\/a><\/td>\n<td><a href=\"\/en\/tm14-transfert-de-chaleur-et-pertes-de-pression-dans-les-echangeurs-a-plaques-et-ailettes\/\" class=\"nounderlink\">Heat transfer and pressure losses in plate-fin heat exchangers<\/a><\/td>\n<\/tr>\n<tr>\n<td width=\"64\"><a href=\"\/en\/tm15-ecoulement-des-fluides-complexes-en-conduite-classification-pertes-de-charges-et-transfert-de-chaleur\/\"><img decoding=\"async\" src=\"\/images\/icons\/mti-icon.png\" border=\"0\" alt=\"MTI\" width=\"64\"><\/a><\/td>\n<td width=\"10\"><a href=\"\/en\/tm15-ecoulement-des-fluides-complexes-en-conduite-classification-pertes-de-charges-et-transfert-de-chaleur\/\"><strong>TM15<\/strong><\/a><\/td>\n<td><a href=\"\/en\/tm15-ecoulement-des-fluides-complexes-en-conduite-classification-pertes-de-charges-et-transfert-de-chaleur\/\" class=\"nounderlink\">Flow of complex fluids in pipes. Classification, pressure drop and heat transfer<\/a><\/td>\n<\/tr>\n<tr>\n<td width=\"64\"><a href=\"\/en\/tm17-transfert-de-chaleur-entre-des-jets-gazeux-et-une-paroi-solide-plane\/\"><img decoding=\"async\" src=\"\/images\/icons\/mti-icon.png\" border=\"0\" alt=\"MTI\" width=\"64\"><\/a><\/td>\n<td width=\"10\"><a href=\"\/en\/tm17-transfert-de-chaleur-entre-des-jets-gazeux-et-une-paroi-solide-plane\/\"><strong>TM17<\/strong><\/a><\/td>\n<td><a href=\"\/en\/tm17-transfert-de-chaleur-entre-des-jets-gazeux-et-une-paroi-solide-plane\/\" class=\"nounderlink\">Heat transfer between gas jets and a flat solid wall<\/a><\/td>\n<\/tr>\n<tr>\n<td width=\"64\"><a href=\"\/en\/tm20-transfert-de-chaleur-par-convection-naturelle-dans-des-geometries-simples\/\"><img decoding=\"async\" src=\"\/images\/icons\/mti-icon.png\" border=\"0\" alt=\"MTI\" width=\"64\"><\/a><\/td>\n<td width=\"10\"><a href=\"\/en\/tm20-transfert-de-chaleur-par-convection-naturelle-dans-des-geometries-simples\/\"><strong>TM20<\/strong><\/a><\/td>\n<td><a href=\"\/en\/tm20-transfert-de-chaleur-par-convection-naturelle-dans-des-geometries-simples\/\" class=\"nounderlink\">Heat transfer by natural convection in simple geometries<\/a><\/td>\n<\/tr>\n<tr>\n<td width=\"64\"><a href=\"\/en\/tm21-transfert-de-chaleur-par-convection-naturelle-dans-les-espaces-confines-ouverts\/\"><img decoding=\"async\" src=\"\/images\/icons\/mti-icon.png\" border=\"0\" alt=\"MTI\" width=\"64\"><\/a><\/td>\n<td width=\"10\"><a href=\"\/en\/tm21-transfert-de-chaleur-par-convection-naturelle-dans-les-espaces-confines-ouverts\/\"><strong>TM21<\/strong><\/a><\/td>\n<td><a href=\"\/en\/tm21-transfert-de-chaleur-par-convection-naturelle-dans-les-espaces-confines-ouverts\/\" class=\"nounderlink\">Heat transfer by natural convection in open confined spaces<\/a><\/td>\n<\/tr>\n<tr>\n<td width=\"64\"><a href=\"\/en\/tm22-transfert-de-chaleur-par-convection-naturelle-dans-les-cavites-rectangulaires-closes\/\"><img decoding=\"async\" src=\"\/images\/icons\/mti-icon.png\" border=\"0\" alt=\"MTI\" width=\"64\"><\/a><\/td>\n<td width=\"10\"><a href=\"\/en\/tm22-transfert-de-chaleur-par-convection-naturelle-dans-les-cavites-rectangulaires-closes\/\"><strong>TM22<\/strong><\/a><\/td>\n<td><a href=\"\/en\/tm22-transfert-de-chaleur-par-convection-naturelle-dans-les-cavites-rectangulaires-closes\/\" class=\"nounderlink\">Natural convection heat transfer in enclosed rectangular cavities<\/a><\/td>\n<\/tr>\n<tr>\n<td width=\"64\"><a href=\"\/en\/tm23-transfert-de-chaleur-par-convection-naturelle-dans-les-cavites-cylindriques-annulaires-closes\/\"><img decoding=\"async\" src=\"\/images\/icons\/mti-icon.png\" border=\"0\" alt=\"MTI\" width=\"64\"><\/a><\/td>\n<td width=\"10\"><a href=\"\/en\/tm23-transfert-de-chaleur-par-convection-naturelle-dans-les-cavites-cylindriques-annulaires-closes\/\"><strong>TM23<\/strong><\/a><\/td>\n<td><a href=\"\/en\/tm23-transfert-de-chaleur-par-convection-naturelle-dans-les-cavites-cylindriques-annulaires-closes\/\" class=\"nounderlink\">Natural convection heat transfer in closed annular cylindrical cavities<\/a><\/td>\n<\/tr>\n<tr>\n<td width=\"64\"><a href=\"\/en\/tm24-correlations-dechange-thermique-et-de-pertes-de-charges-a-lexterieur-dun-faisceau-dans-un-echangeur-tubes-calandre-methode-de-bell-delaware\/\"><img decoding=\"async\" src=\"\/images\/icons\/mti-icon.png\" border=\"0\" alt=\"MTI\" width=\"64\"><\/a><\/td>\n<td width=\"10\"><a href=\"\/en\/tm24-correlations-dechange-thermique-et-de-pertes-de-charges-a-lexterieur-dun-faisceau-dans-un-echangeur-tubes-calandre-methode-de-bell-delaware\/\"><strong>TM24<\/strong><\/a><\/td>\n<td><a href=\"\/en\/tm24-correlations-dechange-thermique-et-de-pertes-de-charges-a-lexterieur-dun-faisceau-dans-un-echangeur-tubes-calandre-methode-de-bell-delaware\/\" class=\"nounderlink\">Heat exchange and pressure drop correlations outside a bundle in a shell-and-tube exchanger: Bell-Delaware method<\/a><\/td>\n<\/tr>\n<tr>\n<td width=\"64\"><a href=\"\/en\/tm25-transferts-de-chaleur-et-perte-de-pression-dans-les-batteries-a-ailettes-lisses-continues-seches\/\"><img decoding=\"async\" src=\"\/images\/icons\/mti-icon.png\" border=\"0\" alt=\"MTI\" width=\"64\"><\/a><\/td>\n<td width=\"10\"><a href=\"\/en\/tm25-transferts-de-chaleur-et-perte-de-pression-dans-les-batteries-a-ailettes-lisses-continues-seches\/\"><strong>TM25<\/strong><\/a><\/td>\n<td><a href=\"\/en\/tm25-transferts-de-chaleur-et-perte-de-pression-dans-les-batteries-a-ailettes-lisses-continues-seches\/\" class=\"nounderlink\">Heat transfer and pressure loss in dry continuous fin batteries<\/a><\/td>\n<\/tr>\n<tr>\n<td width=\"64\"><a href=\"\/en\/tm26-transferts-de-chaleur-et-pertes-de-pression-dans-les-batteries-a-ailettes-courruguees\/\"><img decoding=\"async\" src=\"\/images\/icons\/mti-icon.png\" border=\"0\" alt=\"MTI\" width=\"64\"><\/a><\/td>\n<td width=\"10\"><a href=\"\/en\/tm26-transferts-de-chaleur-et-pertes-de-pression-dans-les-batteries-a-ailettes-courruguees\/\"><strong>TM26<\/strong><\/a><\/td>\n<td><a href=\"\/en\/tm26-transferts-de-chaleur-et-pertes-de-pression-dans-les-batteries-a-ailettes-courruguees\/\" class=\"nounderlink\">Heat transfer and pressure losses in currugated fin coils<\/a><\/td>\n<\/tr>\n<\/tbody>\n<\/table>\n<p>&nbsp;<\/p>\n<h2><span style=\"color: #99cc00;\"><b>TD: Two-phase flow<\/b><\/span><\/h2>\n<table width=\"100%\" border=\"0\">\n<tbody>\n<tr>\n<td width=\"64\"><a href=\"\/en\/td1-configurations-des-ecoulements-diphasiques-conduite-horizontale-et-verticale\/\"><img decoding=\"async\" src=\"\/images\/icons\/mti-icon.png\" border=\"0\" alt=\"MTI\" width=\"64\"><\/a><\/td>\n<td width=\"10\"><a href=\"\/en\/td1-configurations-des-ecoulements-diphasiques-conduite-horizontale-et-verticale\/\"><strong>TD1<\/strong><\/a><\/td>\n<td><a href=\"\/en\/td1-configurations-des-ecoulements-diphasiques-conduite-horizontale-et-verticale\/\" class=\"nounderlink\">Two-phase flow configurations - Horizontal and vertical piping<\/a><\/td>\n<\/tr>\n<tr>\n<td width=\"64\"><a href=\"\/en\/td3-taux-de-vide-moyen-dans-une-conduite-de-section-uniforme\/\"><img decoding=\"async\" src=\"\/images\/icons\/mti-icon.png\" border=\"0\" alt=\"MTI\" width=\"64\"><\/a><\/td>\n<td width=\"10\"><a href=\"\/en\/td3-taux-de-vide-moyen-dans-une-conduite-de-section-uniforme\/\"><strong>TD3<\/strong><\/a><\/td>\n<td><a href=\"\/en\/td3-taux-de-vide-moyen-dans-une-conduite-de-section-uniforme\/\" class=\"nounderlink\">Average vacuum rate in a pipe of uniform cross-section<\/a><\/td>\n<\/tr>\n<tr>\n<td width=\"64\"><a href=\"\/en\/td4-pertes-de-pression-dans-les-canaux-de-section-uniforme\/\"><img decoding=\"async\" src=\"\/images\/icons\/mti-icon.png\" border=\"0\" alt=\"MTI\" width=\"64\"><\/a><\/td>\n<td width=\"10\"><a href=\"\/en\/td4-pertes-de-pression-dans-les-canaux-de-section-uniforme\/\"><strong>TD4<\/strong><\/a><\/td>\n<td><a href=\"\/en\/td4-pertes-de-pression-dans-les-canaux-de-section-uniforme\/\" class=\"nounderlink\">Pressure losses in channels of uniform cross-section<\/a><\/td>\n<\/tr>\n<\/tbody>\n<\/table>","protected":false},"excerpt":{"rendered":"<p>TM : Ecoulement monophasique TM1 Pertes de pression r\u00e9guli\u00e8re dans les conduites rectilignes de section uniforme TM2 Transfert de chaleur dans les tubes de section circulaire TM3 Transfert de chaleur dans les canaux de section uniforme TM4 Perte de pression dans les faisceaux de tubes lisses TM5 Transfert de chaleur dans les faisceaux de tubes &hellip;<\/p>","protected":false},"author":1,"featured_media":0,"parent":0,"menu_order":0,"comment_status":"closed","ping_status":"closed","template":"","meta":{"footnotes":""},"class_list":["post-3252","page","type-page","status-publish","hentry"],"yoast_head":"<!-- This site is optimized with the Yoast SEO Premium plugin v23.9 (Yoast SEO v27.3) - https:\/\/yoast.com\/product\/yoast-seo-premium-wordpress\/ -->\n<title>Manuel Technique - Tome 1 - GRETh<\/title>\n<meta name=\"robots\" content=\"index, follow, max-snippet:-1, max-image-preview:large, max-video-preview:-1\" \/>\n<link rel=\"canonical\" href=\"https:\/\/greth.fr\/en\/manuel-technique-tome-1\/\" \/>\n<meta property=\"og:locale\" content=\"en_US\" \/>\n<meta property=\"og:type\" content=\"article\" \/>\n<meta property=\"og:title\" content=\"Manuel Technique - Tome 1\" \/>\n<meta property=\"og:description\" content=\"TM : Ecoulement monophasique TM1 Pertes de pression r\u00e9guli\u00e8re dans les conduites rectilignes de section uniforme TM2 Transfert de chaleur dans les tubes de section circulaire TM3 Transfert de chaleur dans les canaux de section uniforme TM4 Perte de pression dans les faisceaux de tubes lisses TM5 Transfert de chaleur dans les faisceaux de tubes &hellip;\" \/>\n<meta property=\"og:url\" content=\"https:\/\/greth.fr\/en\/manuel-technique-tome-1\/\" \/>\n<meta property=\"og:site_name\" content=\"GRETh\" \/>\n<meta property=\"article:publisher\" content=\"https:\/\/www.facebook.com\/grethfr\/\" \/>\n<meta property=\"article:modified_time\" content=\"2026-03-06T09:41:05+00:00\" \/>\n<meta property=\"og:image\" content=\"https:\/\/greth.fr\/wp-content\/uploads\/2023\/12\/ss-search-g.jpg\" \/>\n\t<meta property=\"og:image:width\" content=\"1200\" \/>\n\t<meta property=\"og:image:height\" content=\"675\" \/>\n\t<meta property=\"og:image:type\" content=\"image\/jpeg\" \/>\n<meta name=\"twitter:card\" content=\"summary_large_image\" \/>\n<meta name=\"twitter:site\" content=\"@grethfr\" \/>\n<meta name=\"twitter:label1\" content=\"Est. reading time\" \/>\n\t<meta name=\"twitter:data1\" content=\"7 minutes\" \/>\n<script type=\"application\/ld+json\" class=\"yoast-schema-graph\">{\"@context\":\"https:\\\/\\\/schema.org\",\"@graph\":[{\"@type\":\"WebPage\",\"@id\":\"https:\\\/\\\/greth.fr\\\/manuel-technique-tome-1\\\/\",\"url\":\"https:\\\/\\\/greth.fr\\\/manuel-technique-tome-1\\\/\",\"name\":\"Manuel Technique - Tome 1 - GRETh\",\"isPartOf\":{\"@id\":\"https:\\\/\\\/greth.fr\\\/#website\"},\"datePublished\":\"2003-11-05T15:45:59+00:00\",\"dateModified\":\"2026-03-06T09:41:05+00:00\",\"breadcrumb\":{\"@id\":\"https:\\\/\\\/greth.fr\\\/manuel-technique-tome-1\\\/#breadcrumb\"},\"inLanguage\":\"en-US\",\"potentialAction\":[{\"@type\":\"ReadAction\",\"target\":[\"https:\\\/\\\/greth.fr\\\/manuel-technique-tome-1\\\/\"]}]},{\"@type\":\"BreadcrumbList\",\"@id\":\"https:\\\/\\\/greth.fr\\\/manuel-technique-tome-1\\\/#breadcrumb\",\"itemListElement\":[{\"@type\":\"ListItem\",\"position\":1,\"name\":\"Accueil\",\"item\":\"https:\\\/\\\/greth.fr\\\/\"},{\"@type\":\"ListItem\",\"position\":2,\"name\":\"Manuel Technique &#8211; Tome 1\"}]},{\"@type\":\"WebSite\",\"@id\":\"https:\\\/\\\/greth.fr\\\/#website\",\"url\":\"https:\\\/\\\/greth.fr\\\/\",\"name\":\"Groupement pour la Recherche sur les \u00c9changeurs Thermiques\",\"description\":\"Une structure qui f\u00e9d\u00e8re les industriels autour des \u00e9changeurs de chaleur et des syst\u00e8mes thermiques\",\"publisher\":{\"@id\":\"https:\\\/\\\/greth.fr\\\/#organization\"},\"alternateName\":\"GRETh\",\"potentialAction\":[{\"@type\":\"SearchAction\",\"target\":{\"@type\":\"EntryPoint\",\"urlTemplate\":\"https:\\\/\\\/greth.fr\\\/?s={search_term_string}\"},\"query-input\":{\"@type\":\"PropertyValueSpecification\",\"valueRequired\":true,\"valueName\":\"search_term_string\"}}],\"inLanguage\":\"en-US\"},{\"@type\":\"Organization\",\"@id\":\"https:\\\/\\\/greth.fr\\\/#organization\",\"name\":\"Groupement pour la Recherche sur les Echangeurs Thermiques\",\"alternateName\":\"GRETh\",\"url\":\"https:\\\/\\\/greth.fr\\\/\",\"logo\":{\"@type\":\"ImageObject\",\"inLanguage\":\"en-US\",\"@id\":\"https:\\\/\\\/greth.fr\\\/#\\\/schema\\\/logo\\\/image\\\/\",\"url\":\"https:\\\/\\\/greth.fr\\\/wp-content\\\/uploads\\\/2019\\\/04\\\/maintenance.png\",\"contentUrl\":\"https:\\\/\\\/greth.fr\\\/wp-content\\\/uploads\\\/2019\\\/04\\\/maintenance.png\",\"width\":380,\"height\":460,\"caption\":\"Groupement pour la Recherche sur les Echangeurs Thermiques\"},\"image\":{\"@id\":\"https:\\\/\\\/greth.fr\\\/#\\\/schema\\\/logo\\\/image\\\/\"},\"sameAs\":[\"https:\\\/\\\/www.facebook.com\\\/grethfr\\\/\",\"https:\\\/\\\/x.com\\\/grethfr\",\"https:\\\/\\\/www.linkedin.com\\\/company\\\/greth\",\"https:\\\/\\\/youtube.com\\\/c\\\/grethfrance\"]}]}<\/script>\n<!-- \/ Yoast SEO Premium plugin. -->","yoast_head_json":{"title":"Manuel Technique - Tome 1 - GRETh","robots":{"index":"index","follow":"follow","max-snippet":"max-snippet:-1","max-image-preview":"max-image-preview:large","max-video-preview":"max-video-preview:-1"},"canonical":"https:\/\/greth.fr\/en\/manuel-technique-tome-1\/","og_locale":"en_US","og_type":"article","og_title":"Manuel Technique - Tome 1","og_description":"TM : Ecoulement monophasique TM1 Pertes de pression r\u00e9guli\u00e8re dans les conduites rectilignes de section uniforme TM2 Transfert de chaleur dans les tubes de section circulaire TM3 Transfert de chaleur dans les canaux de section uniforme TM4 Perte de pression dans les faisceaux de tubes lisses TM5 Transfert de chaleur dans les faisceaux de tubes &hellip;","og_url":"https:\/\/greth.fr\/en\/manuel-technique-tome-1\/","og_site_name":"GRETh","article_publisher":"https:\/\/www.facebook.com\/grethfr\/","article_modified_time":"2026-03-06T09:41:05+00:00","og_image":[{"width":1200,"height":675,"url":"https:\/\/greth.fr\/wp-content\/uploads\/2023\/12\/ss-search-g.jpg","type":"image\/jpeg"}],"twitter_card":"summary_large_image","twitter_site":"@grethfr","twitter_misc":{"Est. reading time":"7 minutes"},"schema":{"@context":"https:\/\/schema.org","@graph":[{"@type":"WebPage","@id":"https:\/\/greth.fr\/manuel-technique-tome-1\/","url":"https:\/\/greth.fr\/manuel-technique-tome-1\/","name":"Manuel Technique - Tome 1 - GRETh","isPartOf":{"@id":"https:\/\/greth.fr\/#website"},"datePublished":"2003-11-05T15:45:59+00:00","dateModified":"2026-03-06T09:41:05+00:00","breadcrumb":{"@id":"https:\/\/greth.fr\/manuel-technique-tome-1\/#breadcrumb"},"inLanguage":"en-US","potentialAction":[{"@type":"ReadAction","target":["https:\/\/greth.fr\/manuel-technique-tome-1\/"]}]},{"@type":"BreadcrumbList","@id":"https:\/\/greth.fr\/manuel-technique-tome-1\/#breadcrumb","itemListElement":[{"@type":"ListItem","position":1,"name":"Accueil","item":"https:\/\/greth.fr\/"},{"@type":"ListItem","position":2,"name":"Manuel Technique &#8211; Tome 1"}]},{"@type":"WebSite","@id":"https:\/\/greth.fr\/#website","url":"https:\/\/greth.fr\/","name":"Groupement pour la Recherche sur les \u00c9changeurs Thermiques","description":"A structure that brings together manufacturers around heat exchangers and thermal systems","publisher":{"@id":"https:\/\/greth.fr\/#organization"},"alternateName":"GRETh","potentialAction":[{"@type":"SearchAction","target":{"@type":"EntryPoint","urlTemplate":"https:\/\/greth.fr\/?s={search_term_string}"},"query-input":{"@type":"PropertyValueSpecification","valueRequired":true,"valueName":"search_term_string"}}],"inLanguage":"en-US"},{"@type":"Organization","@id":"https:\/\/greth.fr\/#organization","name":"Groupement pour la Recherche sur les Echangeurs Thermiques","alternateName":"GRETh","url":"https:\/\/greth.fr\/","logo":{"@type":"ImageObject","inLanguage":"en-US","@id":"https:\/\/greth.fr\/#\/schema\/logo\/image\/","url":"https:\/\/greth.fr\/wp-content\/uploads\/2019\/04\/maintenance.png","contentUrl":"https:\/\/greth.fr\/wp-content\/uploads\/2019\/04\/maintenance.png","width":380,"height":460,"caption":"Groupement pour la Recherche sur les Echangeurs Thermiques"},"image":{"@id":"https:\/\/greth.fr\/#\/schema\/logo\/image\/"},"sameAs":["https:\/\/www.facebook.com\/grethfr\/","https:\/\/x.com\/grethfr","https:\/\/www.linkedin.com\/company\/greth","https:\/\/youtube.com\/c\/grethfrance"]}]}},"_links":{"self":[{"href":"https:\/\/greth.fr\/en\/wp-json\/wp\/v2\/pages\/3252","targetHints":{"allow":["GET"]}}],"collection":[{"href":"https:\/\/greth.fr\/en\/wp-json\/wp\/v2\/pages"}],"about":[{"href":"https:\/\/greth.fr\/en\/wp-json\/wp\/v2\/types\/page"}],"author":[{"embeddable":true,"href":"https:\/\/greth.fr\/en\/wp-json\/wp\/v2\/users\/1"}],"replies":[{"embeddable":true,"href":"https:\/\/greth.fr\/en\/wp-json\/wp\/v2\/comments?post=3252"}],"version-history":[{"count":0,"href":"https:\/\/greth.fr\/en\/wp-json\/wp\/v2\/pages\/3252\/revisions"}],"wp:attachment":[{"href":"https:\/\/greth.fr\/en\/wp-json\/wp\/v2\/media?parent=3252"}],"curies":[{"name":"wp","href":"https:\/\/api.w.org\/{rel}","templated":true}]}}