{"id":3131,"date":"2021-11-01T14:30:31","date_gmt":"2021-11-01T13:30:31","guid":{"rendered":"http:\/\/greth.fr\/?page_id=3131"},"modified":"2023-02-24T10:21:53","modified_gmt":"2023-02-24T09:21:53","slug":"actualites-adherents","status":"publish","type":"page","link":"https:\/\/greth.fr\/en\/actualites-adherents\/","title":{"rendered":"GRETh Member News"},"content":{"rendered":"[vc_row][vc_column][vc_column_text]\n\t\t<div class=\"tabs-shortcode tabs-wrapper container-wrapper tabs-horizontal flex-tabs is-flex-tabs-shortcodes\">\n\t\t<ul class=\"tabs\">\n\t\t<li>\n\t\t\t<a href=\"#tab-content-1\">Proposer une actualit\u00e9 \/ un \u00e9v\u00e9nement\n\t\t\t<\/a>\n\t\t<\/li>\n\t\n\t\t<\/ul>\n\t\n\t\t<div class=\"tab-content\" id=\"tab-content-1\">\n\t\t\t<div class=\"tab-content-wrap\">\n<p style=\"text-align: justify;\">Le site Internet du <span style=\"color: #ff6600;\"><strong>GRETh<\/strong><\/span> permet \u00e0 ses adh\u00e9rents de diffuser leurs actualit\u00e9s; il permet \u00e9galement \u00e0 tous ses utilisateurs de promouvoir leurs manifestations.<\/p>\n<p>&nbsp;<\/p>\n<p style=\"text-align: center;\"><a href=\"\/pae\/\" class=\"shortc-button medium gray\">Proposer une actualit\u00e9 \/ un \u00e9v\u00e9nement<\/a>\n\n\t\t\t<\/div>\n\t\t<\/div>\n\t\n\t\t\t<div class=\"clearfix\"><\/div>\n\t\t<\/div>\n\t[\/vc_column_text][vc_separator][\/vc_column][\/vc_row][vc_row][vc_column][lvca_posts_block posts_query=\"size:10|order_by:date|post_type:,post|categories:13\" block_type=\"block_7\" image_linkable=\"true\" image_size=\"medium\" display_title=\"true\" display_summary=\"true\" display_author=\"true\" display_post_date=\"true\" pagination=\"paged\"][\/vc_column][\/vc_row]\n","protected":false},"excerpt":{"rendered":"<p>[vc_row][vc_column][vc_column_text][\/vc_column_text][vc_separator][\/vc_column][\/vc_row][vc_row][vc_column][lvca_posts_block posts_query=&#8221;size:10|order_by:date|post_type:,post|categories:13&#8243; block_type=&#8221;block_7&#8243; image_linkable=&#8221;true&#8221; image_size=&#8221;medium&#8221; display_title=&#8221;true&#8221; display_summary=&#8221;true&#8221; display_author=&#8221;true&#8221; display_post_date=&#8221;true&#8221; pagination=&#8221;paged&#8221;][\/vc_column][\/vc_row]<\/p>\n","protected":false},"author":1,"featured_media":0,"parent":0,"menu_order":0,"comment_status":"closed","ping_status":"closed","template":"","meta":{"footnotes":""},"class_list":["post-3131","page","type-page","status-publish","hentry"],"yoast_head":"<!-- This site is optimized with the Yoast SEO Premium plugin v23.9 (Yoast SEO v27.3) - https:\/\/yoast.com\/product\/yoast-seo-premium-wordpress\/ -->\n<title>Les actualit\u00e9s des adh\u00e9rents du GRETh - GRETh<\/title>\n<meta name=\"robots\" content=\"index, follow, max-snippet:-1, max-image-preview:large, max-video-preview:-1\" \/>\n<link rel=\"canonical\" href=\"https:\/\/greth.fr\/en\/actualites-adherents\/\" \/>\n<meta property=\"og:locale\" content=\"en_US\" \/>\n<meta property=\"og:type\" content=\"article\" \/>\n<meta property=\"og:title\" content=\"Les actualit\u00e9s des adh\u00e9rents du GRETh\" \/>\n<meta property=\"og:description\" content=\"[vc_row][vc_column][vc_column_text][\/vc_column_text][vc_separator][\/vc_column][\/vc_row][vc_row][vc_column][lvca_posts_block posts_query=&quot;size:10|order_by:date|post_type:,post|categories:13&quot; block_type=&quot;block_7&quot; image_linkable=&quot;true&quot; image_size=&quot;medium&quot; display_title=&quot;true&quot; display_summary=&quot;true&quot; display_author=&quot;true&quot; display_post_date=&quot;true&quot; pagination=&quot;paged&quot;][\/vc_column][\/vc_row]\" \/>\n<meta property=\"og:url\" content=\"https:\/\/greth.fr\/en\/actualites-adherents\/\" \/>\n<meta property=\"og:site_name\" content=\"GRETh\" \/>\n<meta property=\"article:publisher\" content=\"https:\/\/www.facebook.com\/grethfr\/\" \/>\n<meta property=\"article:modified_time\" content=\"2023-02-24T09:21:53+00:00\" \/>\n<meta property=\"og:image\" content=\"https:\/\/greth.fr\/wp-content\/uploads\/2023\/12\/ss-search-g.jpg\" \/>\n\t<meta property=\"og:image:width\" content=\"1200\" \/>\n\t<meta property=\"og:image:height\" content=\"675\" \/>\n\t<meta property=\"og:image:type\" content=\"image\/jpeg\" \/>\n<meta name=\"twitter:card\" content=\"summary_large_image\" \/>\n<meta name=\"twitter:site\" content=\"@grethfr\" \/>\n<meta name=\"twitter:label1\" content=\"Est. reading time\" \/>\n\t<meta name=\"twitter:data1\" content=\"1 minute\" \/>\n<script type=\"application\/ld+json\" class=\"yoast-schema-graph\">{\"@context\":\"https:\\\/\\\/schema.org\",\"@graph\":[{\"@type\":\"WebPage\",\"@id\":\"https:\\\/\\\/greth.fr\\\/actualites-adherents\\\/\",\"url\":\"https:\\\/\\\/greth.fr\\\/actualites-adherents\\\/\",\"name\":\"Les actualit\u00e9s des adh\u00e9rents du GRETh - GRETh\",\"isPartOf\":{\"@id\":\"https:\\\/\\\/greth.fr\\\/#website\"},\"datePublished\":\"2021-11-01T13:30:31+00:00\",\"dateModified\":\"2023-02-24T09:21:53+00:00\",\"breadcrumb\":{\"@id\":\"https:\\\/\\\/greth.fr\\\/actualites-adherents\\\/#breadcrumb\"},\"inLanguage\":\"en-US\",\"potentialAction\":[{\"@type\":\"ReadAction\",\"target\":[\"https:\\\/\\\/greth.fr\\\/actualites-adherents\\\/\"]}]},{\"@type\":\"BreadcrumbList\",\"@id\":\"https:\\\/\\\/greth.fr\\\/actualites-adherents\\\/#breadcrumb\",\"itemListElement\":[{\"@type\":\"ListItem\",\"position\":1,\"name\":\"Accueil\",\"item\":\"https:\\\/\\\/greth.fr\\\/\"},{\"@type\":\"ListItem\",\"position\":2,\"name\":\"Les actualit\u00e9s des adh\u00e9rents du GRETh\"}]},{\"@type\":\"WebSite\",\"@id\":\"https:\\\/\\\/greth.fr\\\/#website\",\"url\":\"https:\\\/\\\/greth.fr\\\/\",\"name\":\"Groupement pour la Recherche sur les \u00c9changeurs Thermiques\",\"description\":\"Une structure qui f\u00e9d\u00e8re les industriels autour des \u00e9changeurs de chaleur et des syst\u00e8mes thermiques\",\"publisher\":{\"@id\":\"https:\\\/\\\/greth.fr\\\/#organization\"},\"alternateName\":\"GRETh\",\"potentialAction\":[{\"@type\":\"SearchAction\",\"target\":{\"@type\":\"EntryPoint\",\"urlTemplate\":\"https:\\\/\\\/greth.fr\\\/?s={search_term_string}\"},\"query-input\":{\"@type\":\"PropertyValueSpecification\",\"valueRequired\":true,\"valueName\":\"search_term_string\"}}],\"inLanguage\":\"en-US\"},{\"@type\":\"Organization\",\"@id\":\"https:\\\/\\\/greth.fr\\\/#organization\",\"name\":\"Groupement pour la Recherche sur les Echangeurs Thermiques\",\"alternateName\":\"GRETh\",\"url\":\"https:\\\/\\\/greth.fr\\\/\",\"logo\":{\"@type\":\"ImageObject\",\"inLanguage\":\"en-US\",\"@id\":\"https:\\\/\\\/greth.fr\\\/#\\\/schema\\\/logo\\\/image\\\/\",\"url\":\"https:\\\/\\\/greth.fr\\\/wp-content\\\/uploads\\\/2019\\\/04\\\/maintenance.png\",\"contentUrl\":\"https:\\\/\\\/greth.fr\\\/wp-content\\\/uploads\\\/2019\\\/04\\\/maintenance.png\",\"width\":380,\"height\":460,\"caption\":\"Groupement pour la Recherche sur les Echangeurs Thermiques\"},\"image\":{\"@id\":\"https:\\\/\\\/greth.fr\\\/#\\\/schema\\\/logo\\\/image\\\/\"},\"sameAs\":[\"https:\\\/\\\/www.facebook.com\\\/grethfr\\\/\",\"https:\\\/\\\/x.com\\\/grethfr\",\"https:\\\/\\\/www.linkedin.com\\\/company\\\/greth\",\"https:\\\/\\\/youtube.com\\\/c\\\/grethfrance\"]}]}<\/script>\n<!-- \/ Yoast SEO Premium plugin. -->","yoast_head_json":{"title":"Les actualit\u00e9s des adh\u00e9rents du GRETh - GRETh","robots":{"index":"index","follow":"follow","max-snippet":"max-snippet:-1","max-image-preview":"max-image-preview:large","max-video-preview":"max-video-preview:-1"},"canonical":"https:\/\/greth.fr\/en\/actualites-adherents\/","og_locale":"en_US","og_type":"article","og_title":"Les actualit\u00e9s des adh\u00e9rents du GRETh","og_description":"[vc_row][vc_column][vc_column_text][\/vc_column_text][vc_separator][\/vc_column][\/vc_row][vc_row][vc_column][lvca_posts_block posts_query=\"size:10|order_by:date|post_type:,post|categories:13\" block_type=\"block_7\" image_linkable=\"true\" image_size=\"medium\" display_title=\"true\" display_summary=\"true\" display_author=\"true\" display_post_date=\"true\" pagination=\"paged\"][\/vc_column][\/vc_row]","og_url":"https:\/\/greth.fr\/en\/actualites-adherents\/","og_site_name":"GRETh","article_publisher":"https:\/\/www.facebook.com\/grethfr\/","article_modified_time":"2023-02-24T09:21:53+00:00","og_image":[{"width":1200,"height":675,"url":"https:\/\/greth.fr\/wp-content\/uploads\/2023\/12\/ss-search-g.jpg","type":"image\/jpeg"}],"twitter_card":"summary_large_image","twitter_site":"@grethfr","twitter_misc":{"Est. reading time":"1 minute"},"schema":{"@context":"https:\/\/schema.org","@graph":[{"@type":"WebPage","@id":"https:\/\/greth.fr\/actualites-adherents\/","url":"https:\/\/greth.fr\/actualites-adherents\/","name":"Les actualit\u00e9s des adh\u00e9rents du GRETh - GRETh","isPartOf":{"@id":"https:\/\/greth.fr\/#website"},"datePublished":"2021-11-01T13:30:31+00:00","dateModified":"2023-02-24T09:21:53+00:00","breadcrumb":{"@id":"https:\/\/greth.fr\/actualites-adherents\/#breadcrumb"},"inLanguage":"en-US","potentialAction":[{"@type":"ReadAction","target":["https:\/\/greth.fr\/actualites-adherents\/"]}]},{"@type":"BreadcrumbList","@id":"https:\/\/greth.fr\/actualites-adherents\/#breadcrumb","itemListElement":[{"@type":"ListItem","position":1,"name":"Accueil","item":"https:\/\/greth.fr\/"},{"@type":"ListItem","position":2,"name":"Les actualit\u00e9s des adh\u00e9rents du GRETh"}]},{"@type":"WebSite","@id":"https:\/\/greth.fr\/#website","url":"https:\/\/greth.fr\/","name":"Groupement pour la Recherche sur les \u00c9changeurs Thermiques","description":"A structure that brings together manufacturers around heat exchangers and thermal systems","publisher":{"@id":"https:\/\/greth.fr\/#organization"},"alternateName":"GRETh","potentialAction":[{"@type":"SearchAction","target":{"@type":"EntryPoint","urlTemplate":"https:\/\/greth.fr\/?s={search_term_string}"},"query-input":{"@type":"PropertyValueSpecification","valueRequired":true,"valueName":"search_term_string"}}],"inLanguage":"en-US"},{"@type":"Organization","@id":"https:\/\/greth.fr\/#organization","name":"Groupement pour la Recherche sur les Echangeurs Thermiques","alternateName":"GRETh","url":"https:\/\/greth.fr\/","logo":{"@type":"ImageObject","inLanguage":"en-US","@id":"https:\/\/greth.fr\/#\/schema\/logo\/image\/","url":"https:\/\/greth.fr\/wp-content\/uploads\/2019\/04\/maintenance.png","contentUrl":"https:\/\/greth.fr\/wp-content\/uploads\/2019\/04\/maintenance.png","width":380,"height":460,"caption":"Groupement pour la Recherche sur les Echangeurs Thermiques"},"image":{"@id":"https:\/\/greth.fr\/#\/schema\/logo\/image\/"},"sameAs":["https:\/\/www.facebook.com\/grethfr\/","https:\/\/x.com\/grethfr","https:\/\/www.linkedin.com\/company\/greth","https:\/\/youtube.com\/c\/grethfrance"]}]}},"_links":{"self":[{"href":"https:\/\/greth.fr\/en\/wp-json\/wp\/v2\/pages\/3131","targetHints":{"allow":["GET"]}}],"collection":[{"href":"https:\/\/greth.fr\/en\/wp-json\/wp\/v2\/pages"}],"about":[{"href":"https:\/\/greth.fr\/en\/wp-json\/wp\/v2\/types\/page"}],"author":[{"embeddable":true,"href":"https:\/\/greth.fr\/en\/wp-json\/wp\/v2\/users\/1"}],"replies":[{"embeddable":true,"href":"https:\/\/greth.fr\/en\/wp-json\/wp\/v2\/comments?post=3131"}],"version-history":[{"count":0,"href":"https:\/\/greth.fr\/en\/wp-json\/wp\/v2\/pages\/3131\/revisions"}],"wp:attachment":[{"href":"https:\/\/greth.fr\/en\/wp-json\/wp\/v2\/media?parent=3131"}],"curies":[{"name":"wp","href":"https:\/\/api.w.org\/{rel}","templated":true}]}}