{"id":11799,"date":"2019-01-05T14:00:19","date_gmt":"2019-01-05T13:00:19","guid":{"rendered":"https:\/\/greth.fr\/?page_id=11799"},"modified":"2019-04-05T14:20:25","modified_gmt":"2019-04-05T12:20:25","slug":"traitement-des-donnees-personnelles","status":"publish","type":"page","link":"https:\/\/greth.fr\/en\/traitement-des-donnees-personnelles\/","title":{"rendered":"Traitement des donn\u00e9es personnelles"},"content":{"rendered":"<p><a href=\"https:\/\/greth.fr\/wp-content\/uploads\/2015\/06\/website-1.jpg\" rel=\"attachment wp-att-267\"><img loading=\"lazy\" decoding=\"async\" class=\"aligncenter size-medium wp-image-267\" src=\"https:\/\/greth.fr\/wp-content\/uploads\/2015\/06\/website-1-300x129.jpg\" alt=\"Site Internet - 1\" width=\"300\" height=\"129\" srcset=\"https:\/\/greth.fr\/wp-content\/uploads\/2015\/06\/website-1-300x129.jpg 300w, https:\/\/greth.fr\/wp-content\/uploads\/2015\/06\/website-1-100x43.jpg 100w, https:\/\/greth.fr\/wp-content\/uploads\/2015\/06\/website-1.jpg 529w\" sizes=\"auto, (max-width: 300px) 100vw, 300px\" \/><\/a><\/p>\n<p style=\"text-align: justify;\">The <strong>GRETh<\/strong> s'efforce de prot\u00e9ger la vie priv\u00e9e de ses utilisateurs en respectant la r\u00e9glementation en vigueur \u00e0 cet \u00e9gard et en vous informant de fa\u00e7on d\u00e9taill\u00e9e sur sa politique de traitement des donn\u00e9es personnelles. Ainsi le <strong>GRETh<\/strong> met \u00e0 votre disposition ce document qui vous informe de la politique g\u00e9n\u00e9rale \u00e0 laquelle s'astreint le <strong>GRETh<\/strong> pour respecter vos donn\u00e9es personnelles. Par ailleurs, nous nous engageons \u00e0 faire \u00e9voluer ce document pour nous conformer \u00e0 l'\u00e9volution de vos droits.<\/p>\n<p style=\"text-align: justify;\">The <strong>GRETh<\/strong> s'efforce de prot\u00e9ger la vie priv\u00e9e de ses utilisateurs en respectant la r\u00e9glementation en vigueur \u00e0 cet \u00e9gard et en vous informant de fa\u00e7on d\u00e9taill\u00e9e sur sa politique de traitement des donn\u00e9es personnelles. Ainsi, le <strong>GRETh<\/strong> a d\u00e9clar\u00e9 la collecte et le traitement de vos donn\u00e9es personnelles aupr\u00e8s de la CNIL (dossier n\u00b0990701) et met \u00e0 votre disposition ce document qui vous informe de la politique g\u00e9n\u00e9rale \u00e0 laquelle s'astreint le <strong>GRETh<\/strong> pour respecter vos donn\u00e9es personnelles. Par ailleurs, nous nous engageons \u00e0 faire \u00e9voluer ce document pour nous conformer \u00e0 l'\u00e9volution de vos droits.<\/p>\n<p style=\"text-align: justify;\">D'une fa\u00e7on g\u00e9n\u00e9rale, vous pouvez visiter nos sites Internet sans avoir \u00e0 d\u00e9cliner ou \u00e0 fournir d'informations personnelles vous concernant. Cependant, nous pouvons parfois vous demander de telles informations. Par exemple, pour intervenir sur nos forums, pour participer \u00e0 une enqu\u00eate de satisfaction ou pour nos inscriptions aux journ\u00e9es techniques et formations ou encore pour prendre part \u00e0 un sondage. De plus, le <strong>GRETh<\/strong> peut collecter certaines informations \u00e9lectroniques de mani\u00e8re automatique.<\/p>\n<h3><strong>Donn\u00e9es collect\u00e9es<\/strong><\/h3>\n<p style=\"text-align: justify;\">The <strong>GRETh<\/strong> collecte diff\u00e9rentes donn\u00e9es personnelles en fonction des services que vous utilisez.<\/p>\n<p style=\"text-align: justify;\">Sur l'ensemble du site du <strong>GRETh<\/strong> :<\/p>\n<ul style=\"text-align: justify;\">\n<li>Votre adresse IP (\u00e0 laquelle sont associ\u00e9es la version de votre navigateur, l'adresse de la page affich\u00e9e et la date de la requ\u00eate)<\/li>\n<\/ul>\n<p style=\"text-align: justify;\">Lorsque vous cr\u00e9ez un compte sur le site du <strong>GRETh<\/strong> :<\/p>\n<ul style=\"text-align: justify;\">\n<li>Votre adresse de courrier \u00e9lectronique (\u00e0 laquelle est associ\u00e9e votre mot de passe crypt\u00e9)<\/li>\n<li>Les informations optionnelles que vous pr\u00e9cisez volontairement : localisation g\u00e9ographique, situation professionnelle, etc.<\/li>\n<\/ul>\n<p style=\"text-align: justify;\">Lorsque vous vous inscrivez \u00e0 nos formations ou journ\u00e9es techniques :<\/p>\n<ul>\n<li style=\"text-align: justify;\">Votre adresse de courrier \u00e9lectronique (\u00e0 laquelle est associ\u00e9e votre mot de passe crypt\u00e9)<\/li>\n<li style=\"text-align: justify;\">Les informations optionnelles que vous pr\u00e9cisez volontairement : localisation g\u00e9ographique, situation professionnelle, etc.<\/li>\n<\/ul>\n<h3><strong>Utilisation des donn\u00e9es personnelles<\/strong><\/h3>\n<p style=\"text-align: justify;\">Les donn\u00e9es personnelles collect\u00e9es par le <strong>GRETh<\/strong> le sont afin de :<\/p>\n<ul>\n<li style=\"text-align: justify;\">R\u00e9aliser des statistiques de fr\u00e9quentation<\/li>\n<li style=\"text-align: justify;\">Personnaliser les contenus qui sont propos\u00e9s<\/li>\n<li style=\"text-align: justify;\">Remplir les obligations l\u00e9gales impos\u00e9es au <strong>GRETh<\/strong><\/li>\n<li style=\"text-align: justify;\">Assurer la s\u00e9curit\u00e9 du site et pouvoir identifier les tentatives d'abus et de piratage de nos services<\/li>\n<\/ul>\n<h3><strong>Donn\u00e9es plac\u00e9es sur votre ordinateur<\/strong><\/h3>\n<p style=\"text-align: justify;\">The <strong>GRETh<\/strong> peut \u00eatre amen\u00e9 \u00e0 placer des cookies sur votre ordinateur.<\/p>\n<p style=\"text-align: justify;\">Les cookies sont de petits textes envoy\u00e9s par un site \u00e0 votre navigateur et qui sont stock\u00e9s sur votre ordinateur. Ils permettent \u00e0 nos serveurs de vous identifier et ainsi \u00e0 vous proposer des informations personnalis\u00e9es et \u00e0 vous connecter automatiquement \u00e0 nos services.<\/p>\n<p style=\"text-align: justify;\">Des cookies sont ainsi plac\u00e9s sur votre ordinateur notamment lorsque vous vous connectez \u00e0 votre compte <strong>GRETh<\/strong>.<\/p>\n<h3><strong>Partage et divulgation des donn\u00e9es<\/strong><\/h3>\n<p style=\"text-align: justify;\">The <strong>GRETh<\/strong> s'engage \u00e0 ne jamais partager ni divulguer vos donn\u00e9es personnelles \u00e0 tiers, except\u00e9 dans les situations suivantes :<\/p>\n<ul>\n<li style=\"text-align: justify;\">Lorsque nous y sommes contraints par une autorit\u00e9 judiciaire, des autorit\u00e9s de police et de mani\u00e8re g\u00e9n\u00e9rale par toute autorit\u00e9 administrative habilit\u00e9e par la loi<\/li>\n<li style=\"text-align: justify;\">Lorsque vous nous avez donn\u00e9 votre accord pr\u00e9alable pour le partage de ces informations<\/li>\n<li style=\"text-align: justify;\">Lorsque vous contrevenez \u00e0 nos conditions d'utilisation (nous sommes ainsi en mesure de transmettre votre adresse IP aux fournisseurs d'acc\u00e8s \u00e0 des fins d'identification - et obtenir ainsi votre radiation \u00e9ventuelle - voire, si nous l'estimons n\u00e9cessaire compte tenu de la nature de vos abus, transmettre votre adresse IP directement aupr\u00e8s des autorit\u00e9s comp\u00e9tentes)<\/li>\n<\/ul>\n<h3><strong>Droits d'acc\u00e8s, de modification et de suppression de vos donn\u00e9es personnelles<\/strong><\/h3>\n<p style=\"text-align: justify;\">Conform\u00e9ment \u00e0 l'article 34 de la loi \"Informatique et Libert\u00e9\" du 6 janvier 1978, vous disposez d'un droit d'acc\u00e8s, de modification, de rectification et de suppression des donn\u00e9es qui vous concernent.<\/p>\n<p style=\"text-align: justify;\">Vous pouvez ainsi \u00e0 tout moment :<\/p>\n<ul>\n<li style=\"text-align: justify;\">Modifier les informations relatives \u00e0 votre compte dans votre profil<\/li>\n<li style=\"text-align: justify;\">Modifier vos diff\u00e9rentes contributions sur les forums \u00e0 tout moment<\/li>\n<\/ul>\n<h3><strong>Forums de discussion<\/strong><\/h3>\n<p style=\"text-align: justify;\">Si vous participez \u00e0 un forum de discussion du GRETh, sachez que les messages que vous publierez pourront \u00eatre consult\u00e9s par de nombreux internautes.<\/p>\n<p style=\"text-align: justify;\">Tous les messages publi\u00e9s sur ces forums sont de plus susceptibles d'\u00eatre r\u00e9f\u00e9renc\u00e9s par des moteurs de recherche ou d'archivage et, donc, d'\u00eatre consult\u00e9s par un public ext\u00e9rieur \u00e0 celui de ce forum.<\/p>\n<h3><strong>S\u00e9curit\u00e9<\/strong><\/h3>\n<p style=\"text-align: justify;\">The <strong>GRETh<\/strong> s'efforce \u00e0 prot\u00e9ger au mieux vos informations personnelles contre toute forme de dommage, perte, d\u00e9tournement, intrusion, divulgation, alt\u00e9ration ou destruction.<\/p>\n<ul>\n<li style=\"text-align: justify;\">Votre compte est ainsi prot\u00e9g\u00e9 par un mot de passe personnel stock\u00e9 de fa\u00e7on crypt\u00e9e dans notre base de donn\u00e9es<\/li>\n<li style=\"text-align: justify;\">Un syst\u00e8me de cookies s\u00e9curis\u00e9s est mis \u00e0 votre disposition pour rendre inefficace toute tentative de vol de vos cookies<\/li>\n<li style=\"text-align: justify;\">Votre adresse de courrier \u00e9lectronique n'est jamais affich\u00e9e en clair sur nos sites et services et n'est accessible qu'\u00e0 l'\u00e9quipe du GRETh<\/li>\n<\/ul>\n<h3><strong>Mises \u00e0 jour de notre politique en mati\u00e8re de donn\u00e9es personnelles<\/strong><\/h3>\n<p style=\"text-align: justify;\">The <strong>GRETh<\/strong> est susceptible de modifier sa politique en mati\u00e8re de donn\u00e9es personnelles. Dans tous les cas, toute modification de notre politique sera r\u00e9percut\u00e9e dans ce document.<\/p>\n<h3><strong>Questions, r\u00e9clamations ou suggestions<\/strong><\/h3>\n<p style=\"text-align: justify;\">Pour toutes questions, suggestions ou autres pr\u00e9occupations relatives au traitement des donn\u00e9es personnelles ou \u00e0 la fa\u00e7on dont le <strong>GRETh<\/strong> proc\u00e8de \u00e0 la collecte et \u00e0 l'utilisation des donn\u00e9es vous concernant, vous pouvez nous contacter par le <a href=\"\/en\/contact\/\">formulaire de contact<\/a> du site.<\/p>","protected":false},"excerpt":{"rendered":"<p>Le GRETh s&#8217;efforce de prot\u00e9ger la vie priv\u00e9e de ses utilisateurs en respectant la r\u00e9glementation en vigueur \u00e0 cet \u00e9gard et en vous informant de fa\u00e7on d\u00e9taill\u00e9e sur sa politique de traitement des donn\u00e9es personnelles. Ainsi le GRETh met \u00e0 votre disposition ce document qui vous informe de la politique g\u00e9n\u00e9rale \u00e0 laquelle s&#8217;astreint le &hellip;<\/p>","protected":false},"author":1,"featured_media":0,"parent":0,"menu_order":0,"comment_status":"closed","ping_status":"closed","template":"","meta":{"footnotes":""},"class_list":["post-11799","page","type-page","status-publish","hentry"],"yoast_head":"<!-- This site is optimized with the Yoast SEO Premium plugin v23.9 (Yoast SEO v27.3) - https:\/\/yoast.com\/product\/yoast-seo-premium-wordpress\/ -->\n<title>Traitement des donn\u00e9es personnelles - GRETh<\/title>\n<meta name=\"robots\" content=\"index, follow, max-snippet:-1, max-image-preview:large, max-video-preview:-1\" \/>\n<link rel=\"canonical\" href=\"https:\/\/greth.fr\/en\/traitement-des-donnees-personnelles\/\" \/>\n<meta property=\"og:locale\" content=\"en_US\" \/>\n<meta property=\"og:type\" content=\"article\" \/>\n<meta property=\"og:title\" content=\"Traitement des donn\u00e9es personnelles\" \/>\n<meta property=\"og:description\" content=\"Le GRETh s&#039;efforce de prot\u00e9ger la vie priv\u00e9e de ses utilisateurs en respectant la r\u00e9glementation en vigueur \u00e0 cet \u00e9gard et en vous informant de fa\u00e7on d\u00e9taill\u00e9e sur sa politique de traitement des donn\u00e9es personnelles. Ainsi le GRETh met \u00e0 votre disposition ce document qui vous informe de la politique g\u00e9n\u00e9rale \u00e0 laquelle s&#039;astreint le &hellip;\" \/>\n<meta property=\"og:url\" content=\"https:\/\/greth.fr\/en\/traitement-des-donnees-personnelles\/\" \/>\n<meta property=\"og:site_name\" content=\"GRETh\" \/>\n<meta property=\"article:publisher\" content=\"https:\/\/www.facebook.com\/grethfr\/\" \/>\n<meta property=\"article:modified_time\" content=\"2019-04-05T12:20:25+00:00\" \/>\n<meta property=\"og:image\" content=\"https:\/\/greth.fr\/wp-content\/uploads\/2015\/06\/website-1-300x129.jpg\" \/>\n<meta name=\"twitter:card\" content=\"summary_large_image\" \/>\n<meta name=\"twitter:site\" content=\"@grethfr\" \/>\n<meta name=\"twitter:label1\" content=\"Est. reading time\" \/>\n\t<meta name=\"twitter:data1\" content=\"5 minutes\" \/>\n<script type=\"application\/ld+json\" class=\"yoast-schema-graph\">{\"@context\":\"https:\\\/\\\/schema.org\",\"@graph\":[{\"@type\":\"WebPage\",\"@id\":\"https:\\\/\\\/greth.fr\\\/traitement-des-donnees-personnelles\\\/\",\"url\":\"https:\\\/\\\/greth.fr\\\/traitement-des-donnees-personnelles\\\/\",\"name\":\"Traitement des donn\u00e9es personnelles - GRETh\",\"isPartOf\":{\"@id\":\"https:\\\/\\\/greth.fr\\\/#website\"},\"primaryImageOfPage\":{\"@id\":\"https:\\\/\\\/greth.fr\\\/traitement-des-donnees-personnelles\\\/#primaryimage\"},\"image\":{\"@id\":\"https:\\\/\\\/greth.fr\\\/traitement-des-donnees-personnelles\\\/#primaryimage\"},\"thumbnailUrl\":\"https:\\\/\\\/greth.fr\\\/wp-content\\\/uploads\\\/2015\\\/06\\\/website-1-300x129.jpg\",\"datePublished\":\"2019-01-05T13:00:19+00:00\",\"dateModified\":\"2019-04-05T12:20:25+00:00\",\"breadcrumb\":{\"@id\":\"https:\\\/\\\/greth.fr\\\/traitement-des-donnees-personnelles\\\/#breadcrumb\"},\"inLanguage\":\"en-US\",\"potentialAction\":[{\"@type\":\"ReadAction\",\"target\":[\"https:\\\/\\\/greth.fr\\\/traitement-des-donnees-personnelles\\\/\"]}]},{\"@type\":\"ImageObject\",\"inLanguage\":\"en-US\",\"@id\":\"https:\\\/\\\/greth.fr\\\/traitement-des-donnees-personnelles\\\/#primaryimage\",\"url\":\"https:\\\/\\\/greth.fr\\\/wp-content\\\/uploads\\\/2015\\\/06\\\/website-1-300x129.jpg\",\"contentUrl\":\"https:\\\/\\\/greth.fr\\\/wp-content\\\/uploads\\\/2015\\\/06\\\/website-1-300x129.jpg\"},{\"@type\":\"BreadcrumbList\",\"@id\":\"https:\\\/\\\/greth.fr\\\/traitement-des-donnees-personnelles\\\/#breadcrumb\",\"itemListElement\":[{\"@type\":\"ListItem\",\"position\":1,\"name\":\"Accueil\",\"item\":\"https:\\\/\\\/greth.fr\\\/\"},{\"@type\":\"ListItem\",\"position\":2,\"name\":\"Traitement des donn\u00e9es personnelles\"}]},{\"@type\":\"WebSite\",\"@id\":\"https:\\\/\\\/greth.fr\\\/#website\",\"url\":\"https:\\\/\\\/greth.fr\\\/\",\"name\":\"Groupement pour la Recherche sur les \u00c9changeurs Thermiques\",\"description\":\"Une structure qui f\u00e9d\u00e8re les industriels autour des \u00e9changeurs de chaleur et des syst\u00e8mes thermiques\",\"publisher\":{\"@id\":\"https:\\\/\\\/greth.fr\\\/#organization\"},\"alternateName\":\"GRETh\",\"potentialAction\":[{\"@type\":\"SearchAction\",\"target\":{\"@type\":\"EntryPoint\",\"urlTemplate\":\"https:\\\/\\\/greth.fr\\\/?s={search_term_string}\"},\"query-input\":{\"@type\":\"PropertyValueSpecification\",\"valueRequired\":true,\"valueName\":\"search_term_string\"}}],\"inLanguage\":\"en-US\"},{\"@type\":\"Organization\",\"@id\":\"https:\\\/\\\/greth.fr\\\/#organization\",\"name\":\"Groupement pour la Recherche sur les Echangeurs Thermiques\",\"alternateName\":\"GRETh\",\"url\":\"https:\\\/\\\/greth.fr\\\/\",\"logo\":{\"@type\":\"ImageObject\",\"inLanguage\":\"en-US\",\"@id\":\"https:\\\/\\\/greth.fr\\\/#\\\/schema\\\/logo\\\/image\\\/\",\"url\":\"https:\\\/\\\/greth.fr\\\/wp-content\\\/uploads\\\/2019\\\/04\\\/maintenance.png\",\"contentUrl\":\"https:\\\/\\\/greth.fr\\\/wp-content\\\/uploads\\\/2019\\\/04\\\/maintenance.png\",\"width\":380,\"height\":460,\"caption\":\"Groupement pour la Recherche sur les Echangeurs Thermiques\"},\"image\":{\"@id\":\"https:\\\/\\\/greth.fr\\\/#\\\/schema\\\/logo\\\/image\\\/\"},\"sameAs\":[\"https:\\\/\\\/www.facebook.com\\\/grethfr\\\/\",\"https:\\\/\\\/x.com\\\/grethfr\",\"https:\\\/\\\/www.linkedin.com\\\/company\\\/greth\",\"https:\\\/\\\/youtube.com\\\/c\\\/grethfrance\"]}]}<\/script>\n<!-- \/ Yoast SEO Premium plugin. -->","yoast_head_json":{"title":"Traitement des donn\u00e9es personnelles - GRETh","robots":{"index":"index","follow":"follow","max-snippet":"max-snippet:-1","max-image-preview":"max-image-preview:large","max-video-preview":"max-video-preview:-1"},"canonical":"https:\/\/greth.fr\/en\/traitement-des-donnees-personnelles\/","og_locale":"en_US","og_type":"article","og_title":"Traitement des donn\u00e9es personnelles","og_description":"Le GRETh s'efforce de prot\u00e9ger la vie priv\u00e9e de ses utilisateurs en respectant la r\u00e9glementation en vigueur \u00e0 cet \u00e9gard et en vous informant de fa\u00e7on d\u00e9taill\u00e9e sur sa politique de traitement des donn\u00e9es personnelles. Ainsi le GRETh met \u00e0 votre disposition ce document qui vous informe de la politique g\u00e9n\u00e9rale \u00e0 laquelle s'astreint le &hellip;","og_url":"https:\/\/greth.fr\/en\/traitement-des-donnees-personnelles\/","og_site_name":"GRETh","article_publisher":"https:\/\/www.facebook.com\/grethfr\/","article_modified_time":"2019-04-05T12:20:25+00:00","og_image":[{"url":"https:\/\/greth.fr\/wp-content\/uploads\/2015\/06\/website-1-300x129.jpg","type":"","width":"","height":""}],"twitter_card":"summary_large_image","twitter_site":"@grethfr","twitter_misc":{"Est. reading time":"5 minutes"},"schema":{"@context":"https:\/\/schema.org","@graph":[{"@type":"WebPage","@id":"https:\/\/greth.fr\/traitement-des-donnees-personnelles\/","url":"https:\/\/greth.fr\/traitement-des-donnees-personnelles\/","name":"Traitement des donn\u00e9es personnelles - GRETh","isPartOf":{"@id":"https:\/\/greth.fr\/#website"},"primaryImageOfPage":{"@id":"https:\/\/greth.fr\/traitement-des-donnees-personnelles\/#primaryimage"},"image":{"@id":"https:\/\/greth.fr\/traitement-des-donnees-personnelles\/#primaryimage"},"thumbnailUrl":"https:\/\/greth.fr\/wp-content\/uploads\/2015\/06\/website-1-300x129.jpg","datePublished":"2019-01-05T13:00:19+00:00","dateModified":"2019-04-05T12:20:25+00:00","breadcrumb":{"@id":"https:\/\/greth.fr\/traitement-des-donnees-personnelles\/#breadcrumb"},"inLanguage":"en-US","potentialAction":[{"@type":"ReadAction","target":["https:\/\/greth.fr\/traitement-des-donnees-personnelles\/"]}]},{"@type":"ImageObject","inLanguage":"en-US","@id":"https:\/\/greth.fr\/traitement-des-donnees-personnelles\/#primaryimage","url":"https:\/\/greth.fr\/wp-content\/uploads\/2015\/06\/website-1-300x129.jpg","contentUrl":"https:\/\/greth.fr\/wp-content\/uploads\/2015\/06\/website-1-300x129.jpg"},{"@type":"BreadcrumbList","@id":"https:\/\/greth.fr\/traitement-des-donnees-personnelles\/#breadcrumb","itemListElement":[{"@type":"ListItem","position":1,"name":"Accueil","item":"https:\/\/greth.fr\/"},{"@type":"ListItem","position":2,"name":"Traitement des donn\u00e9es personnelles"}]},{"@type":"WebSite","@id":"https:\/\/greth.fr\/#website","url":"https:\/\/greth.fr\/","name":"Groupement pour la Recherche sur les \u00c9changeurs Thermiques","description":"A structure that brings together manufacturers around heat exchangers and thermal systems","publisher":{"@id":"https:\/\/greth.fr\/#organization"},"alternateName":"GRETh","potentialAction":[{"@type":"SearchAction","target":{"@type":"EntryPoint","urlTemplate":"https:\/\/greth.fr\/?s={search_term_string}"},"query-input":{"@type":"PropertyValueSpecification","valueRequired":true,"valueName":"search_term_string"}}],"inLanguage":"en-US"},{"@type":"Organization","@id":"https:\/\/greth.fr\/#organization","name":"Groupement pour la Recherche sur les Echangeurs Thermiques","alternateName":"GRETh","url":"https:\/\/greth.fr\/","logo":{"@type":"ImageObject","inLanguage":"en-US","@id":"https:\/\/greth.fr\/#\/schema\/logo\/image\/","url":"https:\/\/greth.fr\/wp-content\/uploads\/2019\/04\/maintenance.png","contentUrl":"https:\/\/greth.fr\/wp-content\/uploads\/2019\/04\/maintenance.png","width":380,"height":460,"caption":"Groupement pour la Recherche sur les Echangeurs Thermiques"},"image":{"@id":"https:\/\/greth.fr\/#\/schema\/logo\/image\/"},"sameAs":["https:\/\/www.facebook.com\/grethfr\/","https:\/\/x.com\/grethfr","https:\/\/www.linkedin.com\/company\/greth","https:\/\/youtube.com\/c\/grethfrance"]}]}},"_links":{"self":[{"href":"https:\/\/greth.fr\/en\/wp-json\/wp\/v2\/pages\/11799","targetHints":{"allow":["GET"]}}],"collection":[{"href":"https:\/\/greth.fr\/en\/wp-json\/wp\/v2\/pages"}],"about":[{"href":"https:\/\/greth.fr\/en\/wp-json\/wp\/v2\/types\/page"}],"author":[{"embeddable":true,"href":"https:\/\/greth.fr\/en\/wp-json\/wp\/v2\/users\/1"}],"replies":[{"embeddable":true,"href":"https:\/\/greth.fr\/en\/wp-json\/wp\/v2\/comments?post=11799"}],"version-history":[{"count":0,"href":"https:\/\/greth.fr\/en\/wp-json\/wp\/v2\/pages\/11799\/revisions"}],"wp:attachment":[{"href":"https:\/\/greth.fr\/en\/wp-json\/wp\/v2\/media?parent=11799"}],"curies":[{"name":"wp","href":"https:\/\/api.w.org\/{rel}","templated":true}]}}